{"id":14724,"date":"2016-10-10T06:05:08","date_gmt":"2016-10-10T06:05:08","guid":{"rendered":"http:\/\/dev-gln.younik.pt\/about-me-ii\/"},"modified":"2024-11-19T14:55:45","modified_gmt":"2024-11-19T14:55:45","slug":"about-gln-plast","status":"publish","type":"page","link":"https:\/\/glnplast.pt\/de\/about-gln-plast\/","title":{"rendered":"\u00dcber"},"content":{"rendered":"<p>[vc_row padding_top_multiplier=&#8220;4x&#8220; padding_bottom_multiplier=&#8220;4x&#8220;][vc_column]<h2 class=\"grve-element grve-title grve-align-center grve-h2 h2-strong\" style=\"\"><span>GLN Plast<\/span><\/h2>[vc_column_text text_style=&#8220;leader-text&#8220;]<\/p>\n<p style=\"text-align: center;\">Unser Experten-Team ist auf den Bereich des Spritzgie\u00dfens von Kunststoffteilen spezialisiert.<\/p>\n<p style=\"text-align: center;\">Wir garantieren die Durchf\u00fchrung von Thermoplast-Spritzgussprojekten f\u00fcr die anspruchsvollsten Branchen wie: Automobil, Elektro, Elektronik und Lebensmittelverpackung.<\/p>\n<p style=\"text-align: center;\">Wir investieren kontinuierlich in effizientere und technologisch fortschrittlichere Produktionsst\u00e4tten, kombiniert mit der Erfahrung und dem Know-how aus rund 20 Jahren Marktpr\u00e4senz. Auf diese Weise sind wir in der Lage den Anforderungen eines jeden Projekts mit Effizienz zu begegnen und eine Vielzahl verschiedener Produkte herzustellen.<\/p>\n<p style=\"text-align: center;\">Unsere Anlagen wurden geplant und konstruiert, um den Anforderungen einer serienm\u00e4\u00dfigen Produktion zu entsprechen, die sich nach den h\u00f6chsten Qualit\u00e4tsstandards unserer Kunden richtet.<\/p>\n<p style=\"text-align: center;\">In dieser industriellen Produktionsumgebung arbeiten nur die besten Fachkr\u00e4fte und bieten hochwertige Leistungen an, die zur Steigerung unserer Wertsch\u00f6pfungskette und Wettbewerbsf\u00e4higkeit beitragen.<\/p>\n<p>[\/vc_column_text][\/vc_column][\/vc_row][vc_row bg_type=&#8220;color&#8220; padding_top_multiplier=&#8220;4x&#8220; padding_bottom_multiplier=&#8220;4x&#8220; bg_color=&#8220;#f3f3f3&#8243;][vc_column]<h2 class=\"grve-element grve-title grve-align-center grve-h2\" style=\"\"><span>Zertifizierungen<\/span><\/h2><div class=\"grve-empty-space\" style=\"height: 10px;\"><\/div>[\/vc_column][vc_column][vc_row_inner][vc_column_inner width=&#8220;1\/4&#8243; el_class=&#8220;col-certificado&#8220;]<div class=\"grve-element grve-image grve-align-center\" style=\"\">  <div class=\"grve-image-wrapper\"><img loading=\"lazy\" decoding=\"async\" width=\"1429\" height=\"725\" src=\"https:\/\/glnplast.pt\/wp-content\/uploads\/TR-Testmark_9000032997_EN_CMYK_without-QR-Code.jpg\" class=\"attachment-full size-full\" alt=\"\" srcset=\"https:\/\/glnplast.pt\/wp-content\/uploads\/TR-Testmark_9000032997_EN_CMYK_without-QR-Code.jpg 1429w, https:\/\/glnplast.pt\/wp-content\/uploads\/TR-Testmark_9000032997_EN_CMYK_without-QR-Code-300x152.jpg 300w, https:\/\/glnplast.pt\/wp-content\/uploads\/TR-Testmark_9000032997_EN_CMYK_without-QR-Code-1024x520.jpg 1024w, https:\/\/glnplast.pt\/wp-content\/uploads\/TR-Testmark_9000032997_EN_CMYK_without-QR-Code-768x390.jpg 768w\" sizes=\"auto, (max-width: 1429px) 100vw, 1429px\" \/>   <\/div><\/div><div class=\"grve-empty-space grve-height-1x\" style=\"\"><\/div><h4 class=\"grve-element grve-title grve-align-left grve-h4 h4-strong-600\" style=\"margin-bottom: 10px;\"><span>ISO 9001:2015<br \/>\nISO 14001:2015<\/span><\/h4>[vc_column_text css=&#8220;.vc_custom_1531839858928{margin-top: 0px !important;}&#8220;]<\/p>\n<h6>Rahmen der Zertifizierung<\/h6>\n<p>[\/vc_column_text][vc_column_text text_style=&#8220;leader-text&#8220;]<\/p>\n<div>Produktion von Kunststoffteilen durch Spritzguss, Hotstamping und Montage der Spritzgussartikel.<\/div>\n<p>[\/vc_column_text]<div class=\"grve-empty-space grve-height-1x\" style=\"\"><\/div>[vc_column_text css=&#8220;.vc_custom_1562162956852{margin-top: 0px !important;}&#8220;]<\/p>\n<h6><span style=\"color: #ababab;\">Site Maceira<\/span><\/h6>\n<p>[\/vc_column_text][\/vc_column_inner][vc_column_inner width=&#8220;1\/4&#8243; el_class=&#8220;col-certificado&#8220;]<div class=\"grve-element grve-image grve-align-center\" style=\"\">  <div class=\"grve-image-wrapper\"><img loading=\"lazy\" decoding=\"async\" width=\"1434\" height=\"725\" src=\"https:\/\/glnplast.pt\/wp-content\/uploads\/TR-Testmark_9000032997_EN_CMYK_without-QR-Code.png\" class=\"attachment-full size-full\" alt=\"\" srcset=\"https:\/\/glnplast.pt\/wp-content\/uploads\/TR-Testmark_9000032997_EN_CMYK_without-QR-Code.png 1434w, https:\/\/glnplast.pt\/wp-content\/uploads\/TR-Testmark_9000032997_EN_CMYK_without-QR-Code-300x152.png 300w, https:\/\/glnplast.pt\/wp-content\/uploads\/TR-Testmark_9000032997_EN_CMYK_without-QR-Code-1024x518.png 1024w, https:\/\/glnplast.pt\/wp-content\/uploads\/TR-Testmark_9000032997_EN_CMYK_without-QR-Code-768x388.png 768w\" sizes=\"auto, (max-width: 1434px) 100vw, 1434px\" \/>   <\/div><\/div><div class=\"grve-empty-space grve-height-1x\" style=\"\"><\/div><h4 class=\"grve-element grve-title grve-align-left grve-h4 h4-strong-600\" style=\"margin-bottom: 10px;\"><span>IATF 16949:2015<br \/>\nISO 9001:2015<\/span><\/h4>[vc_column_text css=&#8220;.vc_custom_1531839858928{margin-top: 0px !important;}&#8220;]<\/p>\n<h6>Rahmen der Zertifizierung<\/h6>\n<p>[\/vc_column_text][vc_column_text text_style=&#8220;leader-text&#8220;]<\/p>\n<div>Produktion von Kunststoffteilen durch Spritzguss, Hotstamping und Montage der Spritzgussartikel.<\/div>\n<p>[\/vc_column_text][\/vc_column_inner][\/vc_row_inner][\/vc_column][\/vc_row]<\/p>","protected":false},"excerpt":{"rendered":"<p>[vc_row padding_top_multiplier=&#8220;4x&#8220; padding_bottom_multiplier=&#8220;4x&#8220;][vc_column][vc_column_text text_style=&#8220;leader-text&#8220;] Unser Experten-Team ist auf den Bereich des Spritzgie\u00dfens von Kunststoffteilen spezialisiert. Wir garantieren die Durchf\u00fchrung von Thermoplast-Spritzgussprojekten f\u00fcr die anspruchsvollsten Branchen wie: Automobil, Elektro, Elektronik und Lebensmittelverpackung. Wir investieren kontinuierlich in effizientere und technologisch fortschrittlichere Produktionsst\u00e4tten, kombiniert mit der Erfahrung und dem Know-how aus rund 20 Jahren Marktpr\u00e4senz. Auf diese Weise [&hellip;]<\/p>\n","protected":false},"author":1,"featured_media":0,"parent":0,"menu_order":0,"comment_status":"closed","ping_status":"closed","template":"","meta":{"footnotes":""},"class_list":["post-14724","page","type-page","status-publish","hentry"],"yoast_head":"<!-- This site is optimized with the Yoast SEO plugin v18.5.1 - https:\/\/yoast.com\/wordpress\/plugins\/seo\/ -->\n<title>\u00dcber - GLN Plast<\/title>\n<meta name=\"robots\" content=\"index, follow, max-snippet:-1, max-image-preview:large, max-video-preview:-1\" \/>\n<link rel=\"canonical\" href=\"https:\/\/glnplast.pt\/about-gln-plast\/\" \/>\n<meta property=\"og:locale\" content=\"de_DE\" \/>\n<meta property=\"og:type\" content=\"article\" \/>\n<meta property=\"og:title\" content=\"\u00dcber - GLN Plast\" \/>\n<meta property=\"og:description\" content=\"[vc_row padding_top_multiplier=&#8220;4x&#8220; padding_bottom_multiplier=&#8220;4x&#8220;][vc_column][vc_column_text text_style=&#8220;leader-text&#8220;] Unser Experten-Team ist auf den Bereich des Spritzgie\u00dfens von Kunststoffteilen spezialisiert. Wir garantieren die Durchf\u00fchrung von Thermoplast-Spritzgussprojekten f\u00fcr die anspruchsvollsten Branchen wie: Automobil, Elektro, Elektronik und Lebensmittelverpackung. Wir investieren kontinuierlich in effizientere und technologisch fortschrittlichere Produktionsst\u00e4tten, kombiniert mit der Erfahrung und dem Know-how aus rund 20 Jahren Marktpr\u00e4senz. Auf diese Weise [&hellip;]\" \/>\n<meta property=\"og:url\" content=\"https:\/\/glnplast.pt\/about-gln-plast\/\" \/>\n<meta property=\"og:site_name\" content=\"GLN Plast\" \/>\n<meta property=\"article:modified_time\" content=\"2024-11-19T14:55:45+00:00\" \/>\n<meta name=\"twitter:card\" content=\"summary_large_image\" \/>\n<meta name=\"twitter:label1\" content=\"Gesch\u00e4tzte Lesezeit\" \/>\n\t<meta name=\"twitter:data1\" content=\"2\u00a0Minuten\" \/>\n<script type=\"application\/ld+json\" class=\"yoast-schema-graph\">{\"@context\":\"https:\/\/schema.org\",\"@graph\":[{\"@type\":\"WebSite\",\"@id\":\"https:\/\/glnplast.pt\/#website\",\"url\":\"https:\/\/glnplast.pt\/\",\"name\":\"GLN Plast\",\"description\":\"Molding the Future\",\"potentialAction\":[{\"@type\":\"SearchAction\",\"target\":{\"@type\":\"EntryPoint\",\"urlTemplate\":\"https:\/\/glnplast.pt\/?s={search_term_string}\"},\"query-input\":\"required name=search_term_string\"}],\"inLanguage\":\"de\"},{\"@type\":\"WebPage\",\"@id\":\"https:\/\/glnplast.pt\/about-gln-plast\/#webpage\",\"url\":\"https:\/\/glnplast.pt\/about-gln-plast\/\",\"name\":\"\u00dcber - GLN Plast\",\"isPartOf\":{\"@id\":\"https:\/\/glnplast.pt\/#website\"},\"datePublished\":\"2016-10-10T06:05:08+00:00\",\"dateModified\":\"2024-11-19T14:55:45+00:00\",\"breadcrumb\":{\"@id\":\"https:\/\/glnplast.pt\/about-gln-plast\/#breadcrumb\"},\"inLanguage\":\"de\",\"potentialAction\":[{\"@type\":\"ReadAction\",\"target\":[\"https:\/\/glnplast.pt\/about-gln-plast\/\"]}]},{\"@type\":\"BreadcrumbList\",\"@id\":\"https:\/\/glnplast.pt\/about-gln-plast\/#breadcrumb\",\"itemListElement\":[{\"@type\":\"ListItem\",\"position\":1,\"name\":\"In\u00edcio\",\"item\":\"https:\/\/glnplast.pt\/\"},{\"@type\":\"ListItem\",\"position\":2,\"name\":\"GLN Plast\"}]}]}<\/script>\n<!-- \/ Yoast SEO plugin. -->","yoast_head_json":{"title":"\u00dcber - GLN Plast","robots":{"index":"index","follow":"follow","max-snippet":"max-snippet:-1","max-image-preview":"max-image-preview:large","max-video-preview":"max-video-preview:-1"},"canonical":"https:\/\/glnplast.pt\/about-gln-plast\/","og_locale":"de_DE","og_type":"article","og_title":"\u00dcber - GLN Plast","og_description":"[vc_row padding_top_multiplier=&#8220;4x&#8220; padding_bottom_multiplier=&#8220;4x&#8220;][vc_column][vc_column_text text_style=&#8220;leader-text&#8220;] Unser Experten-Team ist auf den Bereich des Spritzgie\u00dfens von Kunststoffteilen spezialisiert. Wir garantieren die Durchf\u00fchrung von Thermoplast-Spritzgussprojekten f\u00fcr die anspruchsvollsten Branchen wie: Automobil, Elektro, Elektronik und Lebensmittelverpackung. Wir investieren kontinuierlich in effizientere und technologisch fortschrittlichere Produktionsst\u00e4tten, kombiniert mit der Erfahrung und dem Know-how aus rund 20 Jahren Marktpr\u00e4senz. Auf diese Weise [&hellip;]","og_url":"https:\/\/glnplast.pt\/about-gln-plast\/","og_site_name":"GLN Plast","article_modified_time":"2024-11-19T14:55:45+00:00","twitter_card":"summary_large_image","twitter_misc":{"Gesch\u00e4tzte Lesezeit":"2\u00a0Minuten"},"schema":{"@context":"https:\/\/schema.org","@graph":[{"@type":"WebSite","@id":"https:\/\/glnplast.pt\/#website","url":"https:\/\/glnplast.pt\/","name":"GLN Plast","description":"Molding the Future","potentialAction":[{"@type":"SearchAction","target":{"@type":"EntryPoint","urlTemplate":"https:\/\/glnplast.pt\/?s={search_term_string}"},"query-input":"required name=search_term_string"}],"inLanguage":"de"},{"@type":"WebPage","@id":"https:\/\/glnplast.pt\/about-gln-plast\/#webpage","url":"https:\/\/glnplast.pt\/about-gln-plast\/","name":"\u00dcber - GLN Plast","isPartOf":{"@id":"https:\/\/glnplast.pt\/#website"},"datePublished":"2016-10-10T06:05:08+00:00","dateModified":"2024-11-19T14:55:45+00:00","breadcrumb":{"@id":"https:\/\/glnplast.pt\/about-gln-plast\/#breadcrumb"},"inLanguage":"de","potentialAction":[{"@type":"ReadAction","target":["https:\/\/glnplast.pt\/about-gln-plast\/"]}]},{"@type":"BreadcrumbList","@id":"https:\/\/glnplast.pt\/about-gln-plast\/#breadcrumb","itemListElement":[{"@type":"ListItem","position":1,"name":"In\u00edcio","item":"https:\/\/glnplast.pt\/"},{"@type":"ListItem","position":2,"name":"GLN Plast"}]}]}},"_links":{"self":[{"href":"https:\/\/glnplast.pt\/de\/wp-json\/wp\/v2\/pages\/14724","targetHints":{"allow":["GET"]}}],"collection":[{"href":"https:\/\/glnplast.pt\/de\/wp-json\/wp\/v2\/pages"}],"about":[{"href":"https:\/\/glnplast.pt\/de\/wp-json\/wp\/v2\/types\/page"}],"author":[{"embeddable":true,"href":"https:\/\/glnplast.pt\/de\/wp-json\/wp\/v2\/users\/1"}],"replies":[{"embeddable":true,"href":"https:\/\/glnplast.pt\/de\/wp-json\/wp\/v2\/comments?post=14724"}],"version-history":[{"count":165,"href":"https:\/\/glnplast.pt\/de\/wp-json\/wp\/v2\/pages\/14724\/revisions"}],"predecessor-version":[{"id":18125,"href":"https:\/\/glnplast.pt\/de\/wp-json\/wp\/v2\/pages\/14724\/revisions\/18125"}],"wp:attachment":[{"href":"https:\/\/glnplast.pt\/de\/wp-json\/wp\/v2\/media?parent=14724"}],"curies":[{"name":"wp","href":"https:\/\/api.w.org\/{rel}","templated":true}]}}