{"id":17608,"date":"2019-07-04T10:05:13","date_gmt":"2019-07-04T10:05:13","guid":{"rendered":"http:\/\/dev-glnplast.younik.pt\/?page_id=17608"},"modified":"2019-10-25T10:38:19","modified_gmt":"2019-10-25T10:38:19","slug":"servicos","status":"publish","type":"page","link":"https:\/\/glnplast.pt\/de\/servicos\/","title":{"rendered":"Services"},"content":{"rendered":"<p>[vc_row padding_top_multiplier=&#8220;4x&#8220; padding_bottom_multiplier=&#8220;&#8220; margin_bottom=&#8220;100px&#8220;][vc_column]<h2 class=\"grve-element grve-title grve-align-center grve-h2 h2-strong\" style=\"\"><span>GLN Plast Tomografie<\/span><\/h2><div class=\"grve-element grve-title grve-align-center grve-subtitle-text h2-strong grve-increase-heading grve-heading-140\" style=\"\"><span>Metrotom 800 &#8211; Zeiss<\/span><\/div><div class=\"grve-empty-space grve-height-1x\" style=\"\"><\/div>[vc_row_inner][vc_column_inner width=&#8220;1\/2&#8243;][vc_column_text text_style=&#8220;leader-text&#8220; animation=&#8220;grve-fade-in-up&#8220;]GLN verf\u00fcgt in seinen neuen Messr\u00e4umen \u00fcber das industrielle Tomografie-Messsystem Metrotom 800 von ZEISS. Das Metrotom 800 ist ideal f\u00fcr die Messung der Innen- und Au\u00dfengeometrie von Kunststoff-, Keramik- oder Verbundteilen.<\/p>\n<p>Die Computertomografietechnik mit Mikrofokus-R\u00f6ntgenr\u00f6hren erm\u00f6glicht die Messung und Kontrolle von Kunststoffteilen nach den hohen Pr\u00e4zisionsanforderungen unserer Kunden. Extrem kleine Fokussierungspunkte erm\u00f6glichen klare Projektionsbilder auf dem Detektor als Grundlage f\u00fcr eine hohe Messgenauigkeit. <strong>Der<\/strong> <strong>ZEISS<\/strong> METROTOM 800 <strong>Detektor<\/strong> verf\u00fcgt \u00fcber fast 3 Millionen Pixel f\u00fcr eine pr\u00e4zise Detailerkennung.[\/vc_column_text][\/vc_column_inner][vc_column_inner width=&#8220;1\/2&#8243;][vc_column_text text_style=&#8220;leader-text&#8220; animation=&#8220;grve-fade-in-up&#8220;]Im Gegensatz zu herk\u00f6mmlichen Messverfahren ist die Tomografietechnik bei der Erfassung zahlreicher Messpunkte deutlich schneller. Die Umwandlung der Punktwolke in eine Messdatei im .STL-Format erm\u00f6glicht die Messung in verschiedenen Dimensionskontrollprogrammen. Die daraus resultierenden Messungen sind pr\u00e4zise und r\u00fcckverfolgbar. In der traditionellen Messtechnik k\u00f6nnen verborgene Strukturen erst nach dem Schneiden oder Zerst\u00f6ren der Teile untersucht werden, durch Tomografie erhalten wir Dateien mit Oberfl\u00e4cheninformationen und inneren Porosit\u00e4ten.[\/vc_column_text][\/vc_column_inner][\/vc_row_inner][\/vc_column][\/vc_row][vc_row heading_color=&#8220;light&#8220; bg_type=&#8220;color&#8220; padding_top_multiplier=&#8220;&#8220; padding_bottom_multiplier=&#8220;6x&#8220; columns_gap=&#8220;5&#8243; equal_column_height=&#8220;equal-column&#8220;][vc_column width=&#8220;1\/3&#8243; el_id=&#8220;mercados-col&#8220;]<div class=\"grve-element grve-image grve-align-center\" style=\"\">  <div class=\"grve-image-wrapper\"><img loading=\"lazy\" decoding=\"async\" width=\"560\" height=\"560\" src=\"https:\/\/glnplast.pt\/wp-content\/uploads\/Tomografia-galery-03-560x560.jpg\" class=\"attachment-movedo-grve-small-square size-movedo-grve-small-square\" alt=\"\" srcset=\"https:\/\/glnplast.pt\/wp-content\/uploads\/Tomografia-galery-03-560x560.jpg 560w, https:\/\/glnplast.pt\/wp-content\/uploads\/Tomografia-galery-03-150x150.jpg 150w, https:\/\/glnplast.pt\/wp-content\/uploads\/Tomografia-galery-03-80x80.jpg 80w\" sizes=\"auto, (max-width: 560px) 100vw, 560px\" \/>   <\/div><\/div>[\/vc_column][vc_column width=&#8220;1\/3&#8243;]<div class=\"grve-element grve-image grve-align-center\" style=\"\">  <div class=\"grve-image-wrapper\"><img loading=\"lazy\" decoding=\"async\" width=\"560\" height=\"560\" src=\"https:\/\/glnplast.pt\/wp-content\/uploads\/Tomografia-galery-02-560x560.jpg\" class=\"attachment-movedo-grve-small-square size-movedo-grve-small-square\" alt=\"\" srcset=\"https:\/\/glnplast.pt\/wp-content\/uploads\/Tomografia-galery-02-560x560.jpg 560w, https:\/\/glnplast.pt\/wp-content\/uploads\/Tomografia-galery-02-150x150.jpg 150w, https:\/\/glnplast.pt\/wp-content\/uploads\/Tomografia-galery-02-80x80.jpg 80w\" sizes=\"auto, (max-width: 560px) 100vw, 560px\" \/>   <\/div><\/div>[\/vc_column][vc_column width=&#8220;1\/3&#8243;]<div class=\"grve-element grve-image grve-align-center\" style=\"\">  <div class=\"grve-image-wrapper\"><img loading=\"lazy\" decoding=\"async\" width=\"560\" height=\"560\" src=\"https:\/\/glnplast.pt\/wp-content\/uploads\/Tomografia-galery-04-560x560.jpg\" class=\"attachment-movedo-grve-small-square size-movedo-grve-small-square\" alt=\"\" srcset=\"https:\/\/glnplast.pt\/wp-content\/uploads\/Tomografia-galery-04-560x560.jpg 560w, https:\/\/glnplast.pt\/wp-content\/uploads\/Tomografia-galery-04-150x150.jpg 150w, https:\/\/glnplast.pt\/wp-content\/uploads\/Tomografia-galery-04-80x80.jpg 80w\" sizes=\"auto, (max-width: 560px) 100vw, 560px\" \/>   <\/div><\/div>[\/vc_column][\/vc_row][vc_row heading_color=&#8220;dark&#8220; bg_type=&#8220;color&#8220; padding_top_multiplier=&#8220;&#8220; padding_bottom_multiplier=&#8220;&#8220; bg_color=&#8220;#ffd500&#8243;][vc_column css=&#8220;.vc_custom_1562238063552{padding-right: 2% !important;padding-left: 2% !important;}&#8220;]<div class=\"grve-empty-space\" style=\"height: 10vh;\"><\/div><h3 class=\"grve-element grve-title grve-align-center grve-animated-item grve-duration-normal grve-fade-in-up grve-h3 grve-increase-heading grve-heading-140\" style=\"\" data-delay=\"200\"><span><br>\n<p style=\"text-align: center;\"><strong>Ein einzigartiger Service!<\/strong><br>\n<\/span><\/h3><div class=\"grve-empty-space grve-height-1x\" style=\"\"><\/div><div class=\"grve-element grve-align-center grve-animated-item grve-fade-in-left grve-duration-normal\" data-delay=\"200\"><a href=\"mailto:tomography@gln.pt\" class=\"grve-btn grve-btn-extralarge grve-square grve-bg-black grve-bg-hover-primary-2\"><span>Kostenvoranschlag anfordern<\/span><\/a><\/div><div class=\"grve-empty-space\" style=\"height: 10vh;\"><\/div>[\/vc_column][\/vc_row][vc_row padding_top_multiplier=&#8220;4x&#8220; padding_bottom_multiplier=&#8220;4x&#8220;][vc_column]<h2 class=\"grve-element grve-title grve-align-center grve-h2 h2-strong\" style=\"\"><span>CT-SCAN Computertomografie<\/span><\/h2><div class=\"grve-element grve-title grve-align-center grve-subtitle-text h2-strong grve-increase-heading grve-heading-160\" style=\"\"><span>Scannen von technischen Kunststoffteilen<\/span><\/div><div class=\"grve-empty-space grve-height-4x\" style=\"\"><\/div>[vc_row_inner][vc_column_inner width=&#8220;1\/4&#8243; css=&#8220;.vc_custom_1562238427924{border-top-width: 1px !important;border-top-color: #000000 !important;border-top-style: solid !important;}&#8220;]<div class=\"grve-empty-space\" style=\"height: 15px;\"><\/div>[vc_column_text text_style=&#8220;leader-text&#8220; animation=&#8220;grve-fade-in-up&#8220;]<strong>Rohr<\/strong><br \/>\n130kV\/39W[\/vc_column_text]<div class=\"grve-empty-space\" style=\"height: 15px;\"><\/div>[\/vc_column_inner][vc_column_inner width=&#8220;1\/4&#8243; css=&#8220;.vc_custom_1562238438052{border-top-width: 1px !important;border-top-color: #000000 !important;border-top-style: solid !important;}&#8220;]<div class=\"grve-empty-space\" style=\"height: 15px;\"><\/div>[vc_column_text text_style=&#8220;leader-text&#8220; animation=&#8220;grve-fade-in-up&#8220;]<strong>Detektor<\/strong><br \/>\n1900 x 1512 pixels[\/vc_column_text]<div class=\"grve-empty-space\" style=\"height: 15px;\"><\/div>[\/vc_column_inner][vc_column_inner width=&#8220;1\/4&#8243; css=&#8220;.vc_custom_1562238450068{border-top-width: 1px !important;border-top-color: #000000 !important;border-top-style: solid !important;}&#8220;]<div class=\"grve-empty-space\" style=\"height: 15px;\"><\/div>[vc_column_text text_style=&#8220;leader-text&#8220; animation=&#8220;grve-fade-in-up&#8220;]<strong>Messvolumen<\/strong><br \/>\n\u00d8110 x 150 mm[\/vc_column_text]<div class=\"grve-empty-space\" style=\"height: 15px;\"><\/div>[\/vc_column_inner][vc_column_inner width=&#8220;1\/4&#8243; css=&#8220;.vc_custom_1562238461005{border-top-width: 1px !important;border-top-color: #000000 !important;border-top-style: solid !important;}&#8220;]<div class=\"grve-empty-space\" style=\"height: 15px;\"><\/div>[vc_column_text text_style=&#8220;leader-text&#8220; animation=&#8220;grve-fade-in-up&#8220;]<strong>Kombiniertes Messvolumen<\/strong><br \/>\n\u00d8110 x 220 mm[\/vc_column_text]<div class=\"grve-empty-space\" style=\"height: 15px;\"><\/div>[\/vc_column_inner][\/vc_row_inner][\/vc_column][\/vc_row][vc_row bg_type=&#8220;color&#8220; padding_top_multiplier=&#8220;4x&#8220; padding_bottom_multiplier=&#8220;4x&#8220; bg_color=&#8220;#f4f4f4&#8243;][vc_column]<h2 class=\"grve-element grve-title grve-align-center grve-h2 h2-strong\" style=\"\"><span>Kontaktieren Sie uns<\/span><\/h2><div class=\"grve-empty-space grve-height-1x\" style=\"\"><\/div>[vc_column_text text_style=&#8220;leader-text&#8220; animation=&#8220;grve-fade-in-up&#8220;]<\/p>\n<p style=\"text-align: center;\"><strong>Metrology &amp; Tomography &#8211; GLN<\/strong><br \/>\nMoinhos de cima, Albergaria, 2430-076 Marinha Grande &#8211; Portugal<br \/>\nT. +351 244 575 396 | F. +351 244 560 690 | <a href=\"mailto:tomography@gln.pt\">tomography@gln.pt<\/a><\/p>\n<p>[\/vc_column_text][\/vc_column][\/vc_row]<\/p>","protected":false},"excerpt":{"rendered":"<p>[vc_row padding_top_multiplier=&#8220;4x&#8220; padding_bottom_multiplier=&#8220;&#8220; margin_bottom=&#8220;100px&#8220;][vc_column][vc_row_inner][vc_column_inner width=&#8220;1\/2&#8243;][vc_column_text text_style=&#8220;leader-text&#8220; animation=&#8220;grve-fade-in-up&#8220;]GLN verf\u00fcgt in seinen neuen Messr\u00e4umen \u00fcber das industrielle Tomografie-Messsystem Metrotom 800 von ZEISS. Das Metrotom 800 ist ideal f\u00fcr die Messung der Innen- und Au\u00dfengeometrie von Kunststoff-, Keramik- oder Verbundteilen. Die Computertomografietechnik mit Mikrofokus-R\u00f6ntgenr\u00f6hren erm\u00f6glicht die Messung und Kontrolle von Kunststoffteilen nach den hohen Pr\u00e4zisionsanforderungen unserer Kunden. Extrem [&hellip;]<\/p>\n","protected":false},"author":1,"featured_media":0,"parent":0,"menu_order":0,"comment_status":"closed","ping_status":"closed","template":"","meta":{"footnotes":""},"class_list":["post-17608","page","type-page","status-publish","hentry"],"yoast_head":"<!-- This site is optimized with the Yoast SEO plugin v18.5.1 - https:\/\/yoast.com\/wordpress\/plugins\/seo\/ -->\n<title>Services - GLN Plast<\/title>\n<meta name=\"robots\" content=\"index, follow, max-snippet:-1, max-image-preview:large, max-video-preview:-1\" \/>\n<link rel=\"canonical\" href=\"https:\/\/glnplast.pt\/es\/servicos\/\" \/>\n<meta property=\"og:locale\" content=\"de_DE\" \/>\n<meta property=\"og:type\" content=\"article\" \/>\n<meta property=\"og:title\" content=\"Services - GLN Plast\" \/>\n<meta property=\"og:description\" content=\"[vc_row padding_top_multiplier=&#8220;4x&#8220; padding_bottom_multiplier=&#8220;&#8220; margin_bottom=&#8220;100px&#8220;][vc_column][vc_row_inner][vc_column_inner width=&#8220;1\/2&#8243;][vc_column_text text_style=&#8220;leader-text&#8220; animation=&#8220;grve-fade-in-up&#8220;]GLN verf\u00fcgt in seinen neuen Messr\u00e4umen \u00fcber das industrielle Tomografie-Messsystem Metrotom 800 von ZEISS. Das Metrotom 800 ist ideal f\u00fcr die Messung der Innen- und Au\u00dfengeometrie von Kunststoff-, Keramik- oder Verbundteilen. Die Computertomografietechnik mit Mikrofokus-R\u00f6ntgenr\u00f6hren erm\u00f6glicht die Messung und Kontrolle von Kunststoffteilen nach den hohen Pr\u00e4zisionsanforderungen unserer Kunden. Extrem [&hellip;]\" \/>\n<meta property=\"og:url\" content=\"https:\/\/glnplast.pt\/es\/servicos\/\" \/>\n<meta property=\"og:site_name\" content=\"GLN Plast\" \/>\n<meta property=\"article:modified_time\" content=\"2019-10-25T10:38:19+00:00\" \/>\n<meta name=\"twitter:card\" content=\"summary_large_image\" \/>\n<meta name=\"twitter:label1\" content=\"Gesch\u00e4tzte Lesezeit\" \/>\n\t<meta name=\"twitter:data1\" content=\"20\u00a0Minuten\" \/>\n<script type=\"application\/ld+json\" class=\"yoast-schema-graph\">{\"@context\":\"https:\/\/schema.org\",\"@graph\":[{\"@type\":\"WebSite\",\"@id\":\"https:\/\/glnplast.pt\/#website\",\"url\":\"https:\/\/glnplast.pt\/\",\"name\":\"GLN Plast\",\"description\":\"Molding the Future\",\"potentialAction\":[{\"@type\":\"SearchAction\",\"target\":{\"@type\":\"EntryPoint\",\"urlTemplate\":\"https:\/\/glnplast.pt\/?s={search_term_string}\"},\"query-input\":\"required name=search_term_string\"}],\"inLanguage\":\"de\"},{\"@type\":\"WebPage\",\"@id\":\"https:\/\/glnplast.pt\/es\/servicos\/#webpage\",\"url\":\"https:\/\/glnplast.pt\/es\/servicos\/\",\"name\":\"Services - GLN Plast\",\"isPartOf\":{\"@id\":\"https:\/\/glnplast.pt\/#website\"},\"datePublished\":\"2019-07-04T10:05:13+00:00\",\"dateModified\":\"2019-10-25T10:38:19+00:00\",\"breadcrumb\":{\"@id\":\"https:\/\/glnplast.pt\/es\/servicos\/#breadcrumb\"},\"inLanguage\":\"de\",\"potentialAction\":[{\"@type\":\"ReadAction\",\"target\":[\"https:\/\/glnplast.pt\/es\/servicos\/\"]}]},{\"@type\":\"BreadcrumbList\",\"@id\":\"https:\/\/glnplast.pt\/es\/servicos\/#breadcrumb\",\"itemListElement\":[{\"@type\":\"ListItem\",\"position\":1,\"name\":\"In\u00edcio\",\"item\":\"https:\/\/glnplast.pt\/\"},{\"@type\":\"ListItem\",\"position\":2,\"name\":\"Services\"}]}]}<\/script>\n<!-- \/ Yoast SEO plugin. -->","yoast_head_json":{"title":"Services - GLN Plast","robots":{"index":"index","follow":"follow","max-snippet":"max-snippet:-1","max-image-preview":"max-image-preview:large","max-video-preview":"max-video-preview:-1"},"canonical":"https:\/\/glnplast.pt\/es\/servicos\/","og_locale":"de_DE","og_type":"article","og_title":"Services - GLN Plast","og_description":"[vc_row padding_top_multiplier=&#8220;4x&#8220; padding_bottom_multiplier=&#8220;&#8220; margin_bottom=&#8220;100px&#8220;][vc_column][vc_row_inner][vc_column_inner width=&#8220;1\/2&#8243;][vc_column_text text_style=&#8220;leader-text&#8220; animation=&#8220;grve-fade-in-up&#8220;]GLN verf\u00fcgt in seinen neuen Messr\u00e4umen \u00fcber das industrielle Tomografie-Messsystem Metrotom 800 von ZEISS. Das Metrotom 800 ist ideal f\u00fcr die Messung der Innen- und Au\u00dfengeometrie von Kunststoff-, Keramik- oder Verbundteilen. Die Computertomografietechnik mit Mikrofokus-R\u00f6ntgenr\u00f6hren erm\u00f6glicht die Messung und Kontrolle von Kunststoffteilen nach den hohen Pr\u00e4zisionsanforderungen unserer Kunden. Extrem [&hellip;]","og_url":"https:\/\/glnplast.pt\/es\/servicos\/","og_site_name":"GLN Plast","article_modified_time":"2019-10-25T10:38:19+00:00","twitter_card":"summary_large_image","twitter_misc":{"Gesch\u00e4tzte Lesezeit":"20\u00a0Minuten"},"schema":{"@context":"https:\/\/schema.org","@graph":[{"@type":"WebSite","@id":"https:\/\/glnplast.pt\/#website","url":"https:\/\/glnplast.pt\/","name":"GLN Plast","description":"Molding the Future","potentialAction":[{"@type":"SearchAction","target":{"@type":"EntryPoint","urlTemplate":"https:\/\/glnplast.pt\/?s={search_term_string}"},"query-input":"required name=search_term_string"}],"inLanguage":"de"},{"@type":"WebPage","@id":"https:\/\/glnplast.pt\/es\/servicos\/#webpage","url":"https:\/\/glnplast.pt\/es\/servicos\/","name":"Services - GLN Plast","isPartOf":{"@id":"https:\/\/glnplast.pt\/#website"},"datePublished":"2019-07-04T10:05:13+00:00","dateModified":"2019-10-25T10:38:19+00:00","breadcrumb":{"@id":"https:\/\/glnplast.pt\/es\/servicos\/#breadcrumb"},"inLanguage":"de","potentialAction":[{"@type":"ReadAction","target":["https:\/\/glnplast.pt\/es\/servicos\/"]}]},{"@type":"BreadcrumbList","@id":"https:\/\/glnplast.pt\/es\/servicos\/#breadcrumb","itemListElement":[{"@type":"ListItem","position":1,"name":"In\u00edcio","item":"https:\/\/glnplast.pt\/"},{"@type":"ListItem","position":2,"name":"Services"}]}]}},"_links":{"self":[{"href":"https:\/\/glnplast.pt\/de\/wp-json\/wp\/v2\/pages\/17608","targetHints":{"allow":["GET"]}}],"collection":[{"href":"https:\/\/glnplast.pt\/de\/wp-json\/wp\/v2\/pages"}],"about":[{"href":"https:\/\/glnplast.pt\/de\/wp-json\/wp\/v2\/types\/page"}],"author":[{"embeddable":true,"href":"https:\/\/glnplast.pt\/de\/wp-json\/wp\/v2\/users\/1"}],"replies":[{"embeddable":true,"href":"https:\/\/glnplast.pt\/de\/wp-json\/wp\/v2\/comments?post=17608"}],"version-history":[{"count":38,"href":"https:\/\/glnplast.pt\/de\/wp-json\/wp\/v2\/pages\/17608\/revisions"}],"predecessor-version":[{"id":17883,"href":"https:\/\/glnplast.pt\/de\/wp-json\/wp\/v2\/pages\/17608\/revisions\/17883"}],"wp:attachment":[{"href":"https:\/\/glnplast.pt\/de\/wp-json\/wp\/v2\/media?parent=17608"}],"curies":[{"name":"wp","href":"https:\/\/api.w.org\/{rel}","templated":true}]}}