{"id":234,"date":"2017-10-26T08:47:03","date_gmt":"2017-10-26T08:47:03","guid":{"rendered":"http:\/\/dev-gln.younik.pt\/?page_id=234"},"modified":"2021-09-16T12:38:29","modified_gmt":"2021-09-16T12:38:29","slug":"home","status":"publish","type":"page","link":"https:\/\/glnplast.pt\/en\/","title":{"rendered":"Home-GLN"},"content":{"rendered":"<p>[vc_row padding_top_multiplier=&#8221;&#8221; padding_bottom_multiplier=&#8221;&#8221; columns_gap=&#8221;none&#8221;][vc_column][rev_slider_vc alias=&#8221;gln-home&#8221;][\/vc_column][\/vc_row][vc_row padding_top_multiplier=&#8221;4x&#8221; padding_bottom_multiplier=&#8221;4x&#8221;][vc_column]<h2 class=\"grve-element grve-title grve-align-center grve-h2 h2-strong\" style=\"\"><span>Welcome to GLN<\/span><\/h2>[vc_column_text text_style=&#8221;leader-text&#8221; animation=&#8221;grve-fade-in-up&#8221; css=&#8221;.vc_custom_1568885014727{padding-right: 3vw !important;padding-left: 3vw !important;}&#8221;]<\/p>\n<p style=\"text-align: center;\">Decades of production and constant technological innovation give us the experience to be a dynamic company.<br \/>\nOur goal is to be a global company and industry leader, both in technical molds of high precision and performance, and in injection with greater benefit, always exceeding the expectations of our customers.<br \/>\n<strong>We are passionate about doing our job and offering more to our customers.<\/strong><\/p>\n<p>[\/vc_column_text]<div class=\"grve-empty-space grve-height-1x\" style=\"\"><\/div><div class=\"grve-element grve-align-center\"><a href=\"\/about-gln-plast\/\" class=\"grve-btn grve-btn-medium grve-square grve-bg-primary-1 grve-bg-hover-primary-2 btn-gln-cor\"><span>About GLN Plast<\/span><\/a><\/div>[\/vc_column][\/vc_row][vc_row heading_color=&#8221;light&#8221; section_type=&#8221;fullwidth&#8221; bg_type=&#8221;color&#8221; padding_top_multiplier=&#8221;&#8221; padding_bottom_multiplier=&#8221;&#8221; columns_gap=&#8221;none&#8221; equal_column_height=&#8221;equal-column&#8221; section_id=&#8221;mercados-glnmolds&#8221; margin_bottom=&#8221;120px&#8221;][vc_column el_id=&#8221;mercados-col&#8221;]<div class=\"grve-element grve-flexible-carousel grve-carousel grve-layout-1 grve-carousel-pagination-1\" style=\"\"><div class=\"grve-carousel-wrapper\">\t<div class=\"grve-flexible-carousel-element mercadosCarrosel\" data-items=\"3\" data-items-tablet-landscape=\"3\" data-items-tablet-portrait=\"3\" data-items-mobile=\"1\" data-slider-autoplay=\"no\" data-slider-speed=\"3000\" data-slider-pause=\"no\" data-pagination-speed=\"400\" data-pagination=\"yes\" data-slider-autoheight=\"no\"><div class=\"grve-element grve-image grve-hover-item grve-hover-style-5 grve-full-image\" style=\"\">  <div class=\"grve-image-wrapper\"><figure class=\"grve-image-hover grve-media grve-zoom-none\"><a class=\"grve-item-url\" href=\"\/portfolio\/?cat=automotive\"><\/a><div class=\"grve-bg-primary-1 grve-hover-overlay  grve-opacity-90\"><\/div><img loading=\"lazy\" decoding=\"async\" width=\"560\" height=\"560\" src=\"https:\/\/glnplast.pt\/wp-content\/uploads\/GLN-Molds-Mercados-Automotive-560x560.jpg\" class=\"\" alt=\"\" srcset=\"https:\/\/glnplast.pt\/wp-content\/uploads\/GLN-Molds-Mercados-Automotive-560x560.jpg 560w, https:\/\/glnplast.pt\/wp-content\/uploads\/GLN-Molds-Mercados-Automotive-150x150.jpg 150w, https:\/\/glnplast.pt\/wp-content\/uploads\/GLN-Molds-Mercados-Automotive-80x80.jpg 80w\" sizes=\"auto, (max-width: 560px) 100vw, 560px\" \/><figcaption class=\"grve-content grve-align-center grve-box-item grve-bg-white\"><h3 class=\"grve-title grve-h3 grve-text-black\">Automobile<\/h3><\/figcaption><\/figure>   <\/div><\/div><div class=\"grve-element grve-image grve-hover-item grve-hover-style-5 grve-full-image\" style=\"\">  <div class=\"grve-image-wrapper\"><figure class=\"grve-image-hover grve-media grve-zoom-none\"><a class=\"grve-item-url\" href=\"\/portfolio\/?cat=electronics\"><\/a><div class=\"grve-bg-primary-1 grve-hover-overlay  grve-opacity-90\"><\/div><img loading=\"lazy\" decoding=\"async\" width=\"560\" height=\"560\" src=\"https:\/\/glnplast.pt\/wp-content\/uploads\/GLN-Molds-Mercados-electrical-01-560x560.jpg\" class=\"\" alt=\"\" srcset=\"https:\/\/glnplast.pt\/wp-content\/uploads\/GLN-Molds-Mercados-electrical-01-560x560.jpg 560w, https:\/\/glnplast.pt\/wp-content\/uploads\/GLN-Molds-Mercados-electrical-01-150x150.jpg 150w, https:\/\/glnplast.pt\/wp-content\/uploads\/GLN-Molds-Mercados-electrical-01-80x80.jpg 80w\" sizes=\"auto, (max-width: 560px) 100vw, 560px\" \/><figcaption class=\"grve-content grve-align-center grve-box-item grve-bg-white\"><h3 class=\"grve-title grve-h3 grve-text-black\">Electrical<\/h3><\/figcaption><\/figure>   <\/div><\/div><div class=\"grve-element grve-image grve-hover-item grve-hover-style-5 grve-full-image\" style=\"\">  <div class=\"grve-image-wrapper\"><figure class=\"grve-image-hover grve-media grve-zoom-none\"><a class=\"grve-item-url\" href=\"\/portfolio\/?cat=packaging\"><\/a><div class=\"grve-bg-primary-1 grve-hover-overlay  grve-opacity-90\"><\/div><img loading=\"lazy\" decoding=\"async\" width=\"560\" height=\"560\" src=\"https:\/\/glnplast.pt\/wp-content\/uploads\/GLN-Molds-Mercados-packaging-delta-min-560x560.jpg\" class=\"\" alt=\"\" srcset=\"https:\/\/glnplast.pt\/wp-content\/uploads\/GLN-Molds-Mercados-packaging-delta-min-560x560.jpg 560w, https:\/\/glnplast.pt\/wp-content\/uploads\/GLN-Molds-Mercados-packaging-delta-min-150x150.jpg 150w, https:\/\/glnplast.pt\/wp-content\/uploads\/GLN-Molds-Mercados-packaging-delta-min-80x80.jpg 80w\" sizes=\"auto, (max-width: 560px) 100vw, 560px\" \/><figcaption class=\"grve-content grve-align-center grve-box-item grve-bg-white\"><h3 class=\"grve-title grve-h3 grve-text-black\">Packaging<\/h3><\/figcaption><\/figure>   <\/div><\/div>\t<\/div>  <\/div><\/div>[\/vc_column][\/vc_row][vc_row heading_color=&#8221;light&#8221; bg_type=&#8221;image&#8221; bg_image=&#8221;443&#8243; bg_image_type=&#8221;fixed&#8221; padding_top_multiplier=&#8221;&#8221; padding_bottom_multiplier=&#8221;&#8221;][vc_column]<div class=\"grve-empty-space\" style=\"height: 20vh;\"><\/div><h2 class=\"grve-element grve-title grve-align-center grve-animated-item grve-duration-normal grve-fade-in-up grve-h1 grve-increase-heading grve-heading-140\" style=\"\" data-delay=\"200\"><span>One Stop Shop<\/span><\/h2><h3 class=\"grve-element grve-title grve-align-center grve-animated-item grve-duration-normal grve-fade-in-up grve-h4 grve-increase-heading grve-heading-140\" style=\"\" data-delay=\"200\"><span>MOLDS &amp; INJECTION<\/span><\/h3><div class=\"grve-empty-space grve-height-2x\" style=\"\"><\/div><div class=\"grve-element grve-image grve-grayscale-image-hover grve-align-center\" style=\"\">  <div class=\"grve-image-wrapper\"><img loading=\"lazy\" decoding=\"async\" width=\"1987\" height=\"422\" src=\"https:\/\/glnplast.pt\/wp-content\/uploads\/One-Stop-Shop-02-35.png\" class=\"attachment-full size-full\" alt=\"\" srcset=\"https:\/\/glnplast.pt\/wp-content\/uploads\/One-Stop-Shop-02-35.png 1987w, https:\/\/glnplast.pt\/wp-content\/uploads\/One-Stop-Shop-02-35-300x64.png 300w, https:\/\/glnplast.pt\/wp-content\/uploads\/One-Stop-Shop-02-35-768x163.png 768w, https:\/\/glnplast.pt\/wp-content\/uploads\/One-Stop-Shop-02-35-1024x217.png 1024w, https:\/\/glnplast.pt\/wp-content\/uploads\/One-Stop-Shop-02-35-1920x408.png 1920w\" sizes=\"auto, (max-width: 1987px) 100vw, 1987px\" \/>   <\/div><\/div><div class=\"grve-empty-space\" style=\"height: 20vh;\"><\/div>[\/vc_column][\/vc_row][vc_row bg_type=&#8221;color&#8221; padding_top_multiplier=&#8221;custom&#8221; padding_bottom_multiplier=&#8221;custom&#8221; columns_gap=&#8221;none&#8221; padding_top=&#8221;120&#8243; padding_bottom=&#8221;120&#8243; section_id=&#8221;newsRow&#8221;][vc_column]<h2 class=\"grve-element grve-title grve-align-center grve-animated-item grve-duration-normal grve-fade-in-up grve-h2\" style=\"\" data-delay=\"200\"><span>News<\/span><\/h2><div class=\"grve-empty-space grve-height-2x\" style=\"\"><\/div>\t\t<div class=\"grve-element grve-blog grve-blog-columns grve-blog-grid grve-isotope grve-with-gap\" style=\"\" data-columns=\"2\" data-columns-large-screen=\"2\" data-columns-tablet-landscape=\"2\" data-columns-tablet-portrait=\"2\" data-columns-mobile=\"1\" data-layout=\"fitRows\" data-spinner=\"no\" data-gutter-size=\"40\">\r\n\t\t\t<div class=\"grve-isotope-container\">\r\n\t\t\t<article class=\"grve-blog-item grve-isotope-item post-18045 post type-post status-publish format-standard has-post-thumbnail hentry category-info\" itemscope itemType=\"http:\/\/schema.org\/BlogPosting\">\r\n\t\t\t\t<div class=\"grve-blog-item-inner grve-isotope-item-inner grve-fade-in-up\">\r\n\t\t\t\t\t\t\t\t\t\t\t\t\t<div class=\"grve-media\">\r\n\t\t\t<a class=\"grve-item-url\" href=\"https:\/\/glnplast.pt\/en\/projetos-autonomos-de-formacao\/\"><\/a>\r\n\t\t\t<img loading=\"lazy\" decoding=\"async\" width=\"768\" height=\"432\" src=\"https:\/\/glnplast.pt\/wp-content\/uploads\/Logotipos-PAF_website-GLNPLAST-768x432.png\" class=\"attachment-medium_large size-medium_large wp-post-image\" alt=\"Projetos Aut\u00f3nomos de Forma\u00e7\u00e3o\" srcset=\"https:\/\/glnplast.pt\/wp-content\/uploads\/Logotipos-PAF_website-GLNPLAST-768x432.png 768w, https:\/\/glnplast.pt\/wp-content\/uploads\/Logotipos-PAF_website-GLNPLAST-300x169.png 300w, https:\/\/glnplast.pt\/wp-content\/uploads\/Logotipos-PAF_website-GLNPLAST-1024x576.png 1024w, https:\/\/glnplast.pt\/wp-content\/uploads\/Logotipos-PAF_website-GLNPLAST-1536x864.png 1536w, https:\/\/glnplast.pt\/wp-content\/uploads\/Logotipos-PAF_website-GLNPLAST-1170x658.png 1170w, https:\/\/glnplast.pt\/wp-content\/uploads\/Logotipos-PAF_website-GLNPLAST.png 1600w\" sizes=\"auto, (max-width: 768px) 100vw, 768px\" \/>\t\t\t<div class=\"grve-bg-black grve-hover-overlay grve-opacity-10\"><\/div>\r\n\t\t<\/div>\r\n\t\t\t\t\t\t<div class=\"grve-post-content-wrapper\">\r\n\t\t\t\t\t\t\t<div class=\"grve-post-content\">\r\n\t\t\t\t\t\t\t\t<div class=\"grve-post-header\">\r\n\t\t\t\t\t\t\t\t\t\t\t\t\t\t\t\t\t\t\t\t<span class=\"grve-hidden\">\r\n\t\t\t<span class=\"grve-structured-data entry-title\">Independent Training Project<\/span>\r\n\t\t\t<span class=\"grve-structured-data\" itemprop=\"image\" itemscope itemtype=\"http:\/\/schema.org\/ImageObject\">\r\n\t\t\t   <span itemprop='url' >https:\/\/glnplast.pt\/wp-content\/uploads\/Logotipos-PAF_website-GLNPLAST.png<\/span>\r\n\t\t\t   <span itemprop='height' >1600<\/span>\r\n\t\t\t   <span itemprop='width' >900<\/span>\r\n\t\t\t<\/span>\r\n\t\t\t\t\t\t<span class=\"grve-structured-data vcard author\" itemprop=\"author\" itemscope itemtype=\"http:\/\/schema.org\/Person\">\r\n\t\t\t\t<span itemprop=\"name\" class=\"fn\">GLN Plast<\/span>\r\n\t\t\t<\/span>\r\n\t\t\t<span class=\"grve-structured-data\" itemprop=\"publisher\" itemscope itemtype=\"http:\/\/schema.org\/Organization\">\r\n\t\t\t\t<span itemprop='name'>GLN Plast<\/span>\r\n\t\t\t\t<span itemprop='logo' itemscope itemtype='http:\/\/schema.org\/ImageObject'>\r\n\t\t\t\t\t<span itemprop='url'>https:\/\/glnplast.pt\/wp-content\/uploads\/Logotipos-PAF_website-GLNPLAST.png<\/span>\r\n\t\t\t\t<\/span>\r\n\t\t\t<\/span>\r\n\t\t\t\t\t\t<time class=\"grve-structured-data date published\" itemprop=\"datePublished\" datetime=\"2022-01-25T11:35:10+00:00\">2022-01-25<\/time>\r\n\t\t\t<time class=\"grve-structured-data date updated\" itemprop=\"dateModified\"  datetime=\"2024-01-31T18:08:04+00:00\">2024-01-31<\/time>\r\n\t\t\t<span class=\"grve-structured-data\" itemprop=\"mainEntityOfPage\" itemscope itemtype=\"http:\/\/schema.org\/WebPage\" itemid=\"https:\/\/glnplast.pt\/en\/projetos-autonomos-de-formacao\/\"><\/span>\r\n\t\t<\/span>\r\n\t\t\t\t\t\t\t\t\t\t\t\t\t\t\t\t\t\t\t\t<ul class=\"grve-post-meta\">\r\n\t\t\t\t\t\t\t\t\t\t<li class=\"grve-post-date\">\t<time class=\"\" datetime=\"2022-01-25T11:35:10+00:00\">\r\n\t\t2022-01-25\t<\/time>\r\n<\/li>\t\t\t\t\t\t\t\t\t\t<\/ul>\r\n\t\t\t\t\t\t\t\t\t\t\t\t\t\t\t\t\t\t<a href=\"https:\/\/glnplast.pt\/en\/projetos-autonomos-de-formacao\/\" rel=\"bookmark\"><h2 class=\"grve-post-title grve-post-title-hover grve-h4\" itemprop=\"name headline\">Independent Training Project<\/h2><\/a>\t\t\t\t\t\t\t\t<\/div>\r\n\t\t\t\t\t\t\t\t<div itemprop=\"articleBody\"><p>[vc_row][vc_column][vc_column_text]GLNPlast, S.A. has participated in a project named: \u201cProjetos Aut\u00f3nomos de Forma\u00e7\u00e3o\u201d whose main goal was to increase the qualification and competitiveness of the company. The associated funds and investments&hellip;<\/p><a class=\"grve-read-more grve-link-text grve-heading-color grve-text-hover-primary-1\" href=\"https:\/\/glnplast.pt\/en\/projetos-autonomos-de-formacao\/\"><span>read more<\/span><\/a><\/div>\t\t\t\t\t\t\t<\/div>\r\n\t\t\t\t\t\t<\/div>\r\n\t\t\t\t\t\r\n\t\t\t\t<\/div>\t\t\t<\/article>\r\n\r\n\t\t\t<article class=\"grve-blog-item grve-isotope-item post-18015 post type-post status-publish format-standard has-post-thumbnail hentry category-editorial\" itemscope itemType=\"http:\/\/schema.org\/BlogPosting\">\r\n\t\t\t\t<div class=\"grve-blog-item-inner grve-isotope-item-inner grve-fade-in-up\">\r\n\t\t\t\t\t\t\t\t\t\t\t\t\t<div class=\"grve-media\">\r\n\t\t\t<a class=\"grve-item-url\" href=\"https:\/\/glnplast.pt\/en\/estatuto-inovadora-cotec-2021\/\"><\/a>\r\n\t\t\t<img loading=\"lazy\" decoding=\"async\" width=\"768\" height=\"432\" src=\"https:\/\/glnplast.pt\/wp-content\/uploads\/imagem-de-fundo-noticia-cotec-768x432.jpg\" class=\"attachment-medium_large size-medium_large wp-post-image\" alt=\"Famolde e GLN Plast Inovadora Cotec 2021\" srcset=\"https:\/\/glnplast.pt\/wp-content\/uploads\/imagem-de-fundo-noticia-cotec-768x432.jpg 768w, https:\/\/glnplast.pt\/wp-content\/uploads\/imagem-de-fundo-noticia-cotec-300x169.jpg 300w, https:\/\/glnplast.pt\/wp-content\/uploads\/imagem-de-fundo-noticia-cotec-1024x576.jpg 1024w, https:\/\/glnplast.pt\/wp-content\/uploads\/imagem-de-fundo-noticia-cotec-1536x864.jpg 1536w, https:\/\/glnplast.pt\/wp-content\/uploads\/imagem-de-fundo-noticia-cotec-1170x658.jpg 1170w, https:\/\/glnplast.pt\/wp-content\/uploads\/imagem-de-fundo-noticia-cotec.jpg 1600w\" sizes=\"auto, (max-width: 768px) 100vw, 768px\" \/>\t\t\t<div class=\"grve-bg-black grve-hover-overlay grve-opacity-10\"><\/div>\r\n\t\t<\/div>\r\n\t\t\t\t\t\t<div class=\"grve-post-content-wrapper\">\r\n\t\t\t\t\t\t\t<div class=\"grve-post-content\">\r\n\t\t\t\t\t\t\t\t<div class=\"grve-post-header\">\r\n\t\t\t\t\t\t\t\t\t\t\t\t\t\t\t\t\t\t\t\t<span class=\"grve-hidden\">\r\n\t\t\t<span class=\"grve-structured-data entry-title\">Statute INOVADORA COTEC 2021<\/span>\r\n\t\t\t<span class=\"grve-structured-data\" itemprop=\"image\" itemscope itemtype=\"http:\/\/schema.org\/ImageObject\">\r\n\t\t\t   <span itemprop='url' >https:\/\/glnplast.pt\/wp-content\/uploads\/imagem-de-fundo-noticia-cotec.jpg<\/span>\r\n\t\t\t   <span itemprop='height' >1600<\/span>\r\n\t\t\t   <span itemprop='width' >900<\/span>\r\n\t\t\t<\/span>\r\n\t\t\t\t\t\t<span class=\"grve-structured-data vcard author\" itemprop=\"author\" itemscope itemtype=\"http:\/\/schema.org\/Person\">\r\n\t\t\t\t<span itemprop=\"name\" class=\"fn\">GLN Plast<\/span>\r\n\t\t\t<\/span>\r\n\t\t\t<span class=\"grve-structured-data\" itemprop=\"publisher\" itemscope itemtype=\"http:\/\/schema.org\/Organization\">\r\n\t\t\t\t<span itemprop='name'>GLN Plast<\/span>\r\n\t\t\t\t<span itemprop='logo' itemscope itemtype='http:\/\/schema.org\/ImageObject'>\r\n\t\t\t\t\t<span itemprop='url'>https:\/\/glnplast.pt\/wp-content\/uploads\/imagem-de-fundo-noticia-cotec.jpg<\/span>\r\n\t\t\t\t<\/span>\r\n\t\t\t<\/span>\r\n\t\t\t\t\t\t<time class=\"grve-structured-data date published\" itemprop=\"datePublished\" datetime=\"2021-08-30T15:22:09+00:00\">2021-08-30<\/time>\r\n\t\t\t<time class=\"grve-structured-data date updated\" itemprop=\"dateModified\"  datetime=\"2021-08-30T15:36:25+00:00\">2021-08-30<\/time>\r\n\t\t\t<span class=\"grve-structured-data\" itemprop=\"mainEntityOfPage\" itemscope itemtype=\"http:\/\/schema.org\/WebPage\" itemid=\"https:\/\/glnplast.pt\/en\/estatuto-inovadora-cotec-2021\/\"><\/span>\r\n\t\t<\/span>\r\n\t\t\t\t\t\t\t\t\t\t\t\t\t\t\t\t\t\t\t\t<ul class=\"grve-post-meta\">\r\n\t\t\t\t\t\t\t\t\t\t<li class=\"grve-post-date\">\t<time class=\"\" datetime=\"2021-08-30T15:22:09+00:00\">\r\n\t\t2021-08-30\t<\/time>\r\n<\/li>\t\t\t\t\t\t\t\t\t\t<\/ul>\r\n\t\t\t\t\t\t\t\t\t\t\t\t\t\t\t\t\t\t<a href=\"https:\/\/glnplast.pt\/en\/estatuto-inovadora-cotec-2021\/\" rel=\"bookmark\"><h2 class=\"grve-post-title grve-post-title-hover grve-h4\" itemprop=\"name headline\">Statute INOVADORA COTEC 2021<\/h2><\/a>\t\t\t\t\t\t\t\t<\/div>\r\n\t\t\t\t\t\t\t\t<div itemprop=\"articleBody\"><p>Cotec Portugal has distinguished two companies of the GLN Group with the statute of \u201cINOVADORA COTEC 2021\u201d. This seal aims to promote public recognition of companies that, by their innovation&hellip;<\/p><a class=\"grve-read-more grve-link-text grve-heading-color grve-text-hover-primary-1\" href=\"https:\/\/glnplast.pt\/en\/estatuto-inovadora-cotec-2021\/\"><span>read more<\/span><\/a><\/div>\t\t\t\t\t\t\t<\/div>\r\n\t\t\t\t\t\t<\/div>\r\n\t\t\t\t\t\r\n\t\t\t\t<\/div>\t\t\t<\/article>\r\n\r\n\t\t\t<\/div>\r\n\t\t<\/div>\r\n[\/vc_column][\/vc_row][vc_row padding_top_multiplier=&#8221;&#8221; padding_bottom_multiplier=&#8221;&#8221;][vc_column][vc_raw_js]JTNDc2NyaXB0JTIwdHlwZSUzRCUyMnRleHQlMkZqYXZhc2NyaXB0JTIyJTNFJTBBd2luZG93Lm9ubG9hZCUyMCUzRCUyMGZ1bmN0aW9uJTI4JTI5JTIwJTdCJTBBJTA5dmFyJTIwbWVyY2FkbyUyMCUzRCUyMGRvY3VtZW50LnF1ZXJ5U2VsZWN0b3JBbGwlMjglMjIubWVyY2Fkb3NDYXJyb3NlbCUyMGRpdi5ncnZlLWJnLXByaW1hcnktMS5ncnZlLWhvdmVyLW92ZXJsYXklMjIlMjklM0IlMEElMDl2YXIlMjBpJTNCJTBBJTA5Zm9yJTIwJTI4aSUyMCUzRCUyMDAlM0IlMjBpJTIwJTNDJTIwbWVyY2Fkby5sZW5ndGglM0IlMjBpJTJCJTJCJTI5JTIwJTdCJTBBJTA5JTIwJTIwJTIwJTIwbWVyY2FkbyU1QmklNUQuaW5uZXJIVE1MJTIwJTNEJTIwJTI3JTNDaW1nJTIwY2xhc3MlM0QlMjJtZXJjYWRvcy1ob3ZlciUyMiUyMHNyYyUzRCUyMiUyRndwLWNvbnRlbnQlMkZ1cGxvYWRzJTJGbG9nby10cmFjZWoucG5nJTIyJTNFJTI3JTNCJTBBJTA5JTdEJTBBJTdEJTNCJTBBJTNDJTJGc2NyaXB0JTNFJTIw[\/vc_raw_js][\/vc_column][\/vc_row]<\/p>","protected":false},"excerpt":{"rendered":"<p>[vc_row padding_top_multiplier=&#8221;&#8221; padding_bottom_multiplier=&#8221;&#8221; columns_gap=&#8221;none&#8221;][vc_column][rev_slider_vc alias=&#8221;gln-home&#8221;][\/vc_column][\/vc_row][vc_row padding_top_multiplier=&#8221;4x&#8221; padding_bottom_multiplier=&#8221;4x&#8221;][vc_column][vc_column_text text_style=&#8221;leader-text&#8221; animation=&#8221;grve-fade-in-up&#8221; css=&#8221;.vc_custom_1568885014727{padding-right: 3vw !important;padding-left: 3vw !important;}&#8221;] Decades of production and constant technological innovation give us the experience to be a dynamic company. Our goal is to be a global company and industry leader, both in technical molds of high precision and performance, and in injection with greater [&hellip;]<\/p>\n","protected":false},"author":1,"featured_media":0,"parent":0,"menu_order":0,"comment_status":"closed","ping_status":"closed","template":"","meta":{"footnotes":""},"class_list":["post-234","page","type-page","status-publish","hentry"],"yoast_head":"<!-- This site is optimized with the Yoast SEO plugin v18.5.1 - https:\/\/yoast.com\/wordpress\/plugins\/seo\/ -->\n<title>Home-GLN - GLN Plast<\/title>\n<meta name=\"robots\" content=\"index, follow, max-snippet:-1, max-image-preview:large, max-video-preview:-1\" \/>\n<link rel=\"canonical\" href=\"https:\/\/glnplast.pt\/\" \/>\n<meta property=\"og:locale\" content=\"en_US\" \/>\n<meta property=\"og:type\" content=\"article\" \/>\n<meta property=\"og:title\" content=\"Home-GLN - GLN Plast\" \/>\n<meta property=\"og:description\" content=\"[vc_row padding_top_multiplier=&#8221;&#8221; padding_bottom_multiplier=&#8221;&#8221; columns_gap=&#8221;none&#8221;][vc_column][rev_slider_vc alias=&#8221;gln-home&#8221;][\/vc_column][\/vc_row][vc_row padding_top_multiplier=&#8221;4x&#8221; padding_bottom_multiplier=&#8221;4x&#8221;][vc_column][vc_column_text text_style=&#8221;leader-text&#8221; animation=&#8221;grve-fade-in-up&#8221; css=&#8221;.vc_custom_1568885014727{padding-right: 3vw !important;padding-left: 3vw !important;}&#8221;] Decades of production and constant technological innovation give us the experience to be a dynamic company. Our goal is to be a global company and industry leader, both in technical molds of high precision and performance, and in injection with greater [&hellip;]\" \/>\n<meta property=\"og:url\" content=\"https:\/\/glnplast.pt\/\" \/>\n<meta property=\"og:site_name\" content=\"GLN Plast\" \/>\n<meta property=\"article:modified_time\" content=\"2021-09-16T12:38:29+00:00\" \/>\n<meta name=\"twitter:card\" content=\"summary_large_image\" \/>\n<meta name=\"twitter:label1\" content=\"Est. reading time\" \/>\n\t<meta name=\"twitter:data1\" content=\"15 minutes\" \/>\n<script type=\"application\/ld+json\" class=\"yoast-schema-graph\">{\"@context\":\"https:\/\/schema.org\",\"@graph\":[{\"@type\":\"WebSite\",\"@id\":\"https:\/\/glnplast.pt\/#website\",\"url\":\"https:\/\/glnplast.pt\/\",\"name\":\"GLN Plast\",\"description\":\"Molding the Future\",\"potentialAction\":[{\"@type\":\"SearchAction\",\"target\":{\"@type\":\"EntryPoint\",\"urlTemplate\":\"https:\/\/glnplast.pt\/?s={search_term_string}\"},\"query-input\":\"required name=search_term_string\"}],\"inLanguage\":\"en-US\"},{\"@type\":\"WebPage\",\"@id\":\"https:\/\/glnplast.pt\/#webpage\",\"url\":\"https:\/\/glnplast.pt\/\",\"name\":\"Home-GLN - GLN Plast\",\"isPartOf\":{\"@id\":\"https:\/\/glnplast.pt\/#website\"},\"datePublished\":\"2017-10-26T08:47:03+00:00\",\"dateModified\":\"2021-09-16T12:38:29+00:00\",\"breadcrumb\":{\"@id\":\"https:\/\/glnplast.pt\/#breadcrumb\"},\"inLanguage\":\"en-US\",\"potentialAction\":[{\"@type\":\"ReadAction\",\"target\":[\"https:\/\/glnplast.pt\/\"]}]},{\"@type\":\"BreadcrumbList\",\"@id\":\"https:\/\/glnplast.pt\/#breadcrumb\",\"itemListElement\":[{\"@type\":\"ListItem\",\"position\":1,\"name\":\"In\u00edcio\",\"item\":\"https:\/\/glnplast.pt\/\"},{\"@type\":\"ListItem\",\"position\":2,\"name\":\"Home-GLN\"}]}]}<\/script>\n<!-- \/ Yoast SEO plugin. -->","yoast_head_json":{"title":"Home-GLN - GLN Plast","robots":{"index":"index","follow":"follow","max-snippet":"max-snippet:-1","max-image-preview":"max-image-preview:large","max-video-preview":"max-video-preview:-1"},"canonical":"https:\/\/glnplast.pt\/","og_locale":"en_US","og_type":"article","og_title":"Home-GLN - GLN Plast","og_description":"[vc_row padding_top_multiplier=&#8221;&#8221; padding_bottom_multiplier=&#8221;&#8221; columns_gap=&#8221;none&#8221;][vc_column][rev_slider_vc alias=&#8221;gln-home&#8221;][\/vc_column][\/vc_row][vc_row padding_top_multiplier=&#8221;4x&#8221; padding_bottom_multiplier=&#8221;4x&#8221;][vc_column][vc_column_text text_style=&#8221;leader-text&#8221; animation=&#8221;grve-fade-in-up&#8221; css=&#8221;.vc_custom_1568885014727{padding-right: 3vw !important;padding-left: 3vw !important;}&#8221;] Decades of production and constant technological innovation give us the experience to be a dynamic company. Our goal is to be a global company and industry leader, both in technical molds of high precision and performance, and in injection with greater [&hellip;]","og_url":"https:\/\/glnplast.pt\/","og_site_name":"GLN Plast","article_modified_time":"2021-09-16T12:38:29+00:00","twitter_card":"summary_large_image","twitter_misc":{"Est. reading time":"15 minutes"},"schema":{"@context":"https:\/\/schema.org","@graph":[{"@type":"WebSite","@id":"https:\/\/glnplast.pt\/#website","url":"https:\/\/glnplast.pt\/","name":"GLN Plast","description":"Molding the Future","potentialAction":[{"@type":"SearchAction","target":{"@type":"EntryPoint","urlTemplate":"https:\/\/glnplast.pt\/?s={search_term_string}"},"query-input":"required name=search_term_string"}],"inLanguage":"en-US"},{"@type":"WebPage","@id":"https:\/\/glnplast.pt\/#webpage","url":"https:\/\/glnplast.pt\/","name":"Home-GLN - GLN Plast","isPartOf":{"@id":"https:\/\/glnplast.pt\/#website"},"datePublished":"2017-10-26T08:47:03+00:00","dateModified":"2021-09-16T12:38:29+00:00","breadcrumb":{"@id":"https:\/\/glnplast.pt\/#breadcrumb"},"inLanguage":"en-US","potentialAction":[{"@type":"ReadAction","target":["https:\/\/glnplast.pt\/"]}]},{"@type":"BreadcrumbList","@id":"https:\/\/glnplast.pt\/#breadcrumb","itemListElement":[{"@type":"ListItem","position":1,"name":"In\u00edcio","item":"https:\/\/glnplast.pt\/"},{"@type":"ListItem","position":2,"name":"Home-GLN"}]}]}},"_links":{"self":[{"href":"https:\/\/glnplast.pt\/en\/wp-json\/wp\/v2\/pages\/234","targetHints":{"allow":["GET"]}}],"collection":[{"href":"https:\/\/glnplast.pt\/en\/wp-json\/wp\/v2\/pages"}],"about":[{"href":"https:\/\/glnplast.pt\/en\/wp-json\/wp\/v2\/types\/page"}],"author":[{"embeddable":true,"href":"https:\/\/glnplast.pt\/en\/wp-json\/wp\/v2\/users\/1"}],"replies":[{"embeddable":true,"href":"https:\/\/glnplast.pt\/en\/wp-json\/wp\/v2\/comments?post=234"}],"version-history":[{"count":214,"href":"https:\/\/glnplast.pt\/en\/wp-json\/wp\/v2\/pages\/234\/revisions"}],"predecessor-version":[{"id":17923,"href":"https:\/\/glnplast.pt\/en\/wp-json\/wp\/v2\/pages\/234\/revisions\/17923"}],"wp:attachment":[{"href":"https:\/\/glnplast.pt\/en\/wp-json\/wp\/v2\/media?parent=234"}],"curies":[{"name":"wp","href":"https:\/\/api.w.org\/{rel}","templated":true}]}}