{"id":14724,"date":"2016-10-10T06:05:08","date_gmt":"2016-10-10T06:05:08","guid":{"rendered":"http:\/\/dev-gln.younik.pt\/about-me-ii\/"},"modified":"2024-11-19T14:55:45","modified_gmt":"2024-11-19T14:55:45","slug":"about-gln-plast","status":"publish","type":"page","link":"https:\/\/glnplast.pt\/es\/about-gln-plast\/","title":{"rendered":"Sobre"},"content":{"rendered":"<p>[vc_row padding_top_multiplier=\u00bb4x\u00bb padding_bottom_multiplier=\u00bb4x\u00bb][vc_column]<h2 class=\"grve-element grve-title grve-align-center grve-h2 h2-strong\" style=\"\"><span>GLN Plast<\/span><\/h2>[vc_column_text text_style=\u00bbleader-text\u00bb]<\/p>\n<p style=\"text-align: center;\">Somos un equipo de profesionales especializados dedicados al \u00e1rea de inyecci\u00f3n de pl\u00e1sticos.<\/p>\n<p style=\"text-align: center;\">Garantizamos la ejecuci\u00f3n de proyectos de inyecci\u00f3n termopl\u00e1stica, abarcando las industrias m\u00e1s exigentes como: automotriz, el\u00e9ctrica, electr\u00f3nica y envasado de alimentos.<\/p>\n<p style=\"text-align: center;\">Realizamos una inversi\u00f3n continua en unidades de producci\u00f3n m\u00e1s eficientes y tecnol\u00f3gicamente avanzadas, combinadas con la experiencia y los conocimientos adquiridos en casi 20 a\u00f1os de presencia en el mercado. De este modo podemos responder de manera efectiva a los requisitos de cada proyecto, lo que permite lograr una amplia gama de producci\u00f3n.<\/p>\n<p style=\"text-align: center;\">Nuestras instalaciones han sido dise\u00f1adas y construidas para acomodar eficazmente un entorno de producci\u00f3n en serie certificado seg\u00fan los m\u00e1s altos est\u00e1ndares de calidad de nuestros clientes.<\/p>\n<p style=\"text-align: center;\">Es en este entorno de producci\u00f3n industrial donde trabajan los mejores profesionales, y ofrecen un conjunto de servicios de valor agregado que contribuyen a aumentar nuestra cadena de valor y competitividad.<\/p>\n<p>[\/vc_column_text][\/vc_column][\/vc_row][vc_row bg_type=\u00bbcolor\u00bb padding_top_multiplier=\u00bb4x\u00bb padding_bottom_multiplier=\u00bb4x\u00bb bg_color=\u00bb#f3f3f3&#8243;][vc_column]<h2 class=\"grve-element grve-title grve-align-center grve-h2\" style=\"\"><span>Certificados<\/span><\/h2><div class=\"grve-empty-space\" style=\"height: 10px;\"><\/div>[\/vc_column][vc_column][vc_row_inner][vc_column_inner width=\u00bb1\/4&#8243; el_class=\u00bbcol-certificado\u00bb]<div class=\"grve-element grve-image grve-align-center\" style=\"\">  <div class=\"grve-image-wrapper\"><img loading=\"lazy\" decoding=\"async\" width=\"1429\" height=\"725\" src=\"https:\/\/glnplast.pt\/wp-content\/uploads\/TR-Testmark_9000032997_EN_CMYK_without-QR-Code.jpg\" class=\"attachment-full size-full\" alt=\"\" srcset=\"https:\/\/glnplast.pt\/wp-content\/uploads\/TR-Testmark_9000032997_EN_CMYK_without-QR-Code.jpg 1429w, https:\/\/glnplast.pt\/wp-content\/uploads\/TR-Testmark_9000032997_EN_CMYK_without-QR-Code-300x152.jpg 300w, https:\/\/glnplast.pt\/wp-content\/uploads\/TR-Testmark_9000032997_EN_CMYK_without-QR-Code-1024x520.jpg 1024w, https:\/\/glnplast.pt\/wp-content\/uploads\/TR-Testmark_9000032997_EN_CMYK_without-QR-Code-768x390.jpg 768w\" sizes=\"auto, (max-width: 1429px) 100vw, 1429px\" \/>   <\/div><\/div><div class=\"grve-empty-space grve-height-1x\" style=\"\"><\/div><h4 class=\"grve-element grve-title grve-align-left grve-h4 h4-strong-600\" style=\"margin-bottom: 10px;\"><span>ISO 9001:2015<br>\nISO 14001:2015<\/span><\/h4>[vc_column_text css=\u00bb.vc_custom_1531839858928{margin-top: 0px !important;}\u00bb]<\/p>\n<h6>Alcance de la certicaci\u00f3n<\/h6>\n<p>[\/vc_column_text][vc_column_text text_style=\u00bbleader-text\u00bb]Fabricaci\u00f3n de piezas de inyecci\u00f3n, hot stamping y montaje de pl\u00e1stico.[\/vc_column_text]<div class=\"grve-empty-space grve-height-1x\" style=\"\"><\/div>[vc_column_text css=\u00bb.vc_custom_1562162956852{margin-top: 0px !important;}\u00bb]<\/p>\n<h6><span style=\"color: #ababab;\">Site Maceira<\/span><\/h6>\n<p>[\/vc_column_text][\/vc_column_inner][vc_column_inner width=\u00bb1\/4&#8243; el_class=\u00bbcol-certificado\u00bb]<div class=\"grve-element grve-image grve-align-center\" style=\"\">  <div class=\"grve-image-wrapper\"><img loading=\"lazy\" decoding=\"async\" width=\"1434\" height=\"725\" src=\"https:\/\/glnplast.pt\/wp-content\/uploads\/TR-Testmark_9000032997_EN_CMYK_without-QR-Code.png\" class=\"attachment-full size-full\" alt=\"\" srcset=\"https:\/\/glnplast.pt\/wp-content\/uploads\/TR-Testmark_9000032997_EN_CMYK_without-QR-Code.png 1434w, https:\/\/glnplast.pt\/wp-content\/uploads\/TR-Testmark_9000032997_EN_CMYK_without-QR-Code-300x152.png 300w, https:\/\/glnplast.pt\/wp-content\/uploads\/TR-Testmark_9000032997_EN_CMYK_without-QR-Code-1024x518.png 1024w, https:\/\/glnplast.pt\/wp-content\/uploads\/TR-Testmark_9000032997_EN_CMYK_without-QR-Code-768x388.png 768w\" sizes=\"auto, (max-width: 1434px) 100vw, 1434px\" \/>   <\/div><\/div><div class=\"grve-empty-space grve-height-1x\" style=\"\"><\/div><h4 class=\"grve-element grve-title grve-align-left grve-h4 h4-strong-600\" style=\"margin-bottom: 10px;\"><span>IATF 16949:2015<br \/>\nISO 9001:2015<\/span><\/h4>[vc_column_text css=\u00bb.vc_custom_1531839858928{margin-top: 0px !important;}\u00bb]<\/p>\n<h6>Alcance de la certicaci\u00f3n<\/h6>\n<p>[\/vc_column_text][vc_column_text text_style=\u00bbleader-text\u00bb]Fabricaci\u00f3n de piezas de inyecci\u00f3n, hot stamping y montaje de pl\u00e1stico.[\/vc_column_text][\/vc_column_inner][\/vc_row_inner][\/vc_column][\/vc_row]<\/p>","protected":false},"excerpt":{"rendered":"<p>[vc_row padding_top_multiplier=\u00bb4x\u00bb padding_bottom_multiplier=\u00bb4x\u00bb][vc_column][vc_column_text text_style=\u00bbleader-text\u00bb] Somos un equipo de profesionales especializados dedicados al \u00e1rea de inyecci\u00f3n de pl\u00e1sticos. Garantizamos la ejecuci\u00f3n de proyectos de inyecci\u00f3n termopl\u00e1stica, abarcando las industrias m\u00e1s exigentes como: automotriz, el\u00e9ctrica, electr\u00f3nica y envasado de alimentos. Realizamos una inversi\u00f3n continua en unidades de producci\u00f3n m\u00e1s eficientes y tecnol\u00f3gicamente avanzadas, combinadas con la experiencia [&hellip;]<\/p>\n","protected":false},"author":1,"featured_media":0,"parent":0,"menu_order":0,"comment_status":"closed","ping_status":"closed","template":"","meta":{"footnotes":""},"class_list":["post-14724","page","type-page","status-publish","hentry"],"yoast_head":"<!-- This site is optimized with the Yoast SEO plugin v18.5.1 - https:\/\/yoast.com\/wordpress\/plugins\/seo\/ -->\n<title>Sobre - GLN Plast<\/title>\n<meta name=\"robots\" content=\"index, follow, max-snippet:-1, max-image-preview:large, max-video-preview:-1\" \/>\n<link rel=\"canonical\" href=\"https:\/\/glnplast.pt\/about-gln-plast\/\" \/>\n<meta property=\"og:locale\" content=\"es_ES\" \/>\n<meta property=\"og:type\" content=\"article\" \/>\n<meta property=\"og:title\" content=\"Sobre - GLN Plast\" \/>\n<meta property=\"og:description\" content=\"[vc_row padding_top_multiplier=\u00bb4x\u00bb padding_bottom_multiplier=\u00bb4x\u00bb][vc_column][vc_column_text text_style=\u00bbleader-text\u00bb] Somos un equipo de profesionales especializados dedicados al \u00e1rea de inyecci\u00f3n de pl\u00e1sticos. Garantizamos la ejecuci\u00f3n de proyectos de inyecci\u00f3n termopl\u00e1stica, abarcando las industrias m\u00e1s exigentes como: automotriz, el\u00e9ctrica, electr\u00f3nica y envasado de alimentos. Realizamos una inversi\u00f3n continua en unidades de producci\u00f3n m\u00e1s eficientes y tecnol\u00f3gicamente avanzadas, combinadas con la experiencia [&hellip;]\" \/>\n<meta property=\"og:url\" content=\"https:\/\/glnplast.pt\/about-gln-plast\/\" \/>\n<meta property=\"og:site_name\" content=\"GLN Plast\" \/>\n<meta property=\"article:modified_time\" content=\"2024-11-19T14:55:45+00:00\" \/>\n<meta name=\"twitter:card\" content=\"summary_large_image\" \/>\n<meta name=\"twitter:label1\" content=\"Tiempo de lectura\" \/>\n\t<meta name=\"twitter:data1\" content=\"2 minutos\" \/>\n<script type=\"application\/ld+json\" class=\"yoast-schema-graph\">{\"@context\":\"https:\/\/schema.org\",\"@graph\":[{\"@type\":\"WebSite\",\"@id\":\"https:\/\/glnplast.pt\/#website\",\"url\":\"https:\/\/glnplast.pt\/\",\"name\":\"GLN Plast\",\"description\":\"Molding the Future\",\"potentialAction\":[{\"@type\":\"SearchAction\",\"target\":{\"@type\":\"EntryPoint\",\"urlTemplate\":\"https:\/\/glnplast.pt\/?s={search_term_string}\"},\"query-input\":\"required name=search_term_string\"}],\"inLanguage\":\"es\"},{\"@type\":\"WebPage\",\"@id\":\"https:\/\/glnplast.pt\/about-gln-plast\/#webpage\",\"url\":\"https:\/\/glnplast.pt\/about-gln-plast\/\",\"name\":\"Sobre - GLN Plast\",\"isPartOf\":{\"@id\":\"https:\/\/glnplast.pt\/#website\"},\"datePublished\":\"2016-10-10T06:05:08+00:00\",\"dateModified\":\"2024-11-19T14:55:45+00:00\",\"breadcrumb\":{\"@id\":\"https:\/\/glnplast.pt\/about-gln-plast\/#breadcrumb\"},\"inLanguage\":\"es\",\"potentialAction\":[{\"@type\":\"ReadAction\",\"target\":[\"https:\/\/glnplast.pt\/about-gln-plast\/\"]}]},{\"@type\":\"BreadcrumbList\",\"@id\":\"https:\/\/glnplast.pt\/about-gln-plast\/#breadcrumb\",\"itemListElement\":[{\"@type\":\"ListItem\",\"position\":1,\"name\":\"In\u00edcio\",\"item\":\"https:\/\/glnplast.pt\/\"},{\"@type\":\"ListItem\",\"position\":2,\"name\":\"GLN Plast\"}]}]}<\/script>\n<!-- \/ Yoast SEO plugin. -->","yoast_head_json":{"title":"Sobre - GLN Plast","robots":{"index":"index","follow":"follow","max-snippet":"max-snippet:-1","max-image-preview":"max-image-preview:large","max-video-preview":"max-video-preview:-1"},"canonical":"https:\/\/glnplast.pt\/about-gln-plast\/","og_locale":"es_ES","og_type":"article","og_title":"Sobre - GLN Plast","og_description":"[vc_row padding_top_multiplier=\u00bb4x\u00bb padding_bottom_multiplier=\u00bb4x\u00bb][vc_column][vc_column_text text_style=\u00bbleader-text\u00bb] Somos un equipo de profesionales especializados dedicados al \u00e1rea de inyecci\u00f3n de pl\u00e1sticos. Garantizamos la ejecuci\u00f3n de proyectos de inyecci\u00f3n termopl\u00e1stica, abarcando las industrias m\u00e1s exigentes como: automotriz, el\u00e9ctrica, electr\u00f3nica y envasado de alimentos. Realizamos una inversi\u00f3n continua en unidades de producci\u00f3n m\u00e1s eficientes y tecnol\u00f3gicamente avanzadas, combinadas con la experiencia [&hellip;]","og_url":"https:\/\/glnplast.pt\/about-gln-plast\/","og_site_name":"GLN Plast","article_modified_time":"2024-11-19T14:55:45+00:00","twitter_card":"summary_large_image","twitter_misc":{"Tiempo de lectura":"2 minutos"},"schema":{"@context":"https:\/\/schema.org","@graph":[{"@type":"WebSite","@id":"https:\/\/glnplast.pt\/#website","url":"https:\/\/glnplast.pt\/","name":"GLN Plast","description":"Molding the Future","potentialAction":[{"@type":"SearchAction","target":{"@type":"EntryPoint","urlTemplate":"https:\/\/glnplast.pt\/?s={search_term_string}"},"query-input":"required name=search_term_string"}],"inLanguage":"es"},{"@type":"WebPage","@id":"https:\/\/glnplast.pt\/about-gln-plast\/#webpage","url":"https:\/\/glnplast.pt\/about-gln-plast\/","name":"Sobre - GLN Plast","isPartOf":{"@id":"https:\/\/glnplast.pt\/#website"},"datePublished":"2016-10-10T06:05:08+00:00","dateModified":"2024-11-19T14:55:45+00:00","breadcrumb":{"@id":"https:\/\/glnplast.pt\/about-gln-plast\/#breadcrumb"},"inLanguage":"es","potentialAction":[{"@type":"ReadAction","target":["https:\/\/glnplast.pt\/about-gln-plast\/"]}]},{"@type":"BreadcrumbList","@id":"https:\/\/glnplast.pt\/about-gln-plast\/#breadcrumb","itemListElement":[{"@type":"ListItem","position":1,"name":"In\u00edcio","item":"https:\/\/glnplast.pt\/"},{"@type":"ListItem","position":2,"name":"GLN Plast"}]}]}},"_links":{"self":[{"href":"https:\/\/glnplast.pt\/es\/wp-json\/wp\/v2\/pages\/14724","targetHints":{"allow":["GET"]}}],"collection":[{"href":"https:\/\/glnplast.pt\/es\/wp-json\/wp\/v2\/pages"}],"about":[{"href":"https:\/\/glnplast.pt\/es\/wp-json\/wp\/v2\/types\/page"}],"author":[{"embeddable":true,"href":"https:\/\/glnplast.pt\/es\/wp-json\/wp\/v2\/users\/1"}],"replies":[{"embeddable":true,"href":"https:\/\/glnplast.pt\/es\/wp-json\/wp\/v2\/comments?post=14724"}],"version-history":[{"count":165,"href":"https:\/\/glnplast.pt\/es\/wp-json\/wp\/v2\/pages\/14724\/revisions"}],"predecessor-version":[{"id":18125,"href":"https:\/\/glnplast.pt\/es\/wp-json\/wp\/v2\/pages\/14724\/revisions\/18125"}],"wp:attachment":[{"href":"https:\/\/glnplast.pt\/es\/wp-json\/wp\/v2\/media?parent=14724"}],"curies":[{"name":"wp","href":"https:\/\/api.w.org\/{rel}","templated":true}]}}