{"id":17608,"date":"2019-07-04T10:05:13","date_gmt":"2019-07-04T10:05:13","guid":{"rendered":"http:\/\/dev-glnplast.younik.pt\/?page_id=17608"},"modified":"2019-10-25T10:38:19","modified_gmt":"2019-10-25T10:38:19","slug":"servicos","status":"publish","type":"page","link":"https:\/\/glnplast.pt\/es\/servicos\/","title":{"rendered":"Services"},"content":{"rendered":"<p>[vc_row padding_top_multiplier=\u00bb4x\u00bb padding_bottom_multiplier=\u00bb\u00bb margin_bottom=\u00bb100px\u00bb][vc_column]<h2 class=\"grve-element grve-title grve-align-center grve-h2 h2-strong\" style=\"\"><span>Tomograf\u00eda GLN Plast<\/span><\/h2><div class=\"grve-element grve-title grve-align-center grve-subtitle-text h2-strong grve-increase-heading grve-heading-140\" style=\"\"><span>Metrotom 800 &#8211; Zeiss<\/span><\/div><div class=\"grve-empty-space grve-height-1x\" style=\"\"><\/div>[vc_row_inner][vc_column_inner width=\u00bb1\/2&#8243;][vc_column_text text_style=\u00bbleader-text\u00bb animation=\u00bbgrve-fade-in-up\u00bb]GLN cuenta con un sistema de medici\u00f3n de tomograf\u00eda industrial ZEISS, Metrotom 800, en su nueva instalaci\u00f3n de metrolog\u00eda. Metrotom 800 es ideal para medir la geometr\u00eda interna y externa de piezas de pl\u00e1stico, cer\u00e1mica o material compuesto.<\/p>\n<p>La tecnolog\u00eda de tomograf\u00eda computarizada con tubo de Rayos X de microenfoque permite la medici\u00f3n e inspecci\u00f3n de piezas de pl\u00e1stico para satisfacer las altas demandas de nuestros clientes. Los puntos focales extremadamente peque\u00f1os permiten im\u00e1genes de proyecci\u00f3n n\u00edtidas en el detector, base para lograr una alta precisi\u00f3n de medici\u00f3n. <strong>El detector<\/strong><strong> ZEISS <\/strong>METROTOM 800 ofrece casi 3 millones de p\u00edxeles, lo cual permite un reconocimiento de detalles altamente preciso.[\/vc_column_text][\/vc_column_inner][vc_column_inner width=\u00bb1\/2&#8243;][vc_column_text text_style=\u00bbleader-text\u00bb animation=\u00bbgrve-fade-in-up\u00bb]A diferencia de los m\u00e9todos de medici\u00f3n tradicionales, la tecnolog\u00eda de tomograf\u00eda es significativamente m\u00e1s r\u00e1pida para capturar numerosos puntos de medici\u00f3n. La transformaci\u00f3n de la nube de puntos en un archivo de medici\u00f3n en formato .STL permite la medici\u00f3n en varios software de control dimensional. Las medidas que resultan de este tipo de medici\u00f3n son precisas y trazables. En la tecnolog\u00eda de medici\u00f3n tradicional, las estructuras ocultas solo se inspeccionar\u00e1n despu\u00e9s de cortar o destruir las piezas; en cambio, mediante la tomograf\u00eda se obtienen archivos con informaci\u00f3n de la superficie y de las porosidades interiores.[\/vc_column_text][\/vc_column_inner][\/vc_row_inner][\/vc_column][\/vc_row][vc_row heading_color=\u00bblight\u00bb bg_type=\u00bbcolor\u00bb padding_top_multiplier=\u00bb\u00bb padding_bottom_multiplier=\u00bb6x\u00bb columns_gap=\u00bb5&#8243; equal_column_height=\u00bbequal-column\u00bb][vc_column width=\u00bb1\/3&#8243; el_id=\u00bbmercados-col\u00bb]<div class=\"grve-element grve-image grve-align-center\" style=\"\">  <div class=\"grve-image-wrapper\"><img loading=\"lazy\" decoding=\"async\" width=\"560\" height=\"560\" src=\"https:\/\/glnplast.pt\/wp-content\/uploads\/Tomografia-galery-03-560x560.jpg\" class=\"attachment-movedo-grve-small-square size-movedo-grve-small-square\" alt=\"\" srcset=\"https:\/\/glnplast.pt\/wp-content\/uploads\/Tomografia-galery-03-560x560.jpg 560w, https:\/\/glnplast.pt\/wp-content\/uploads\/Tomografia-galery-03-150x150.jpg 150w, https:\/\/glnplast.pt\/wp-content\/uploads\/Tomografia-galery-03-80x80.jpg 80w\" sizes=\"auto, (max-width: 560px) 100vw, 560px\" \/>   <\/div><\/div>[\/vc_column][vc_column width=\u00bb1\/3&#8243;]<div class=\"grve-element grve-image grve-align-center\" style=\"\">  <div class=\"grve-image-wrapper\"><img loading=\"lazy\" decoding=\"async\" width=\"560\" height=\"560\" src=\"https:\/\/glnplast.pt\/wp-content\/uploads\/Tomografia-galery-02-560x560.jpg\" class=\"attachment-movedo-grve-small-square size-movedo-grve-small-square\" alt=\"\" srcset=\"https:\/\/glnplast.pt\/wp-content\/uploads\/Tomografia-galery-02-560x560.jpg 560w, https:\/\/glnplast.pt\/wp-content\/uploads\/Tomografia-galery-02-150x150.jpg 150w, https:\/\/glnplast.pt\/wp-content\/uploads\/Tomografia-galery-02-80x80.jpg 80w\" sizes=\"auto, (max-width: 560px) 100vw, 560px\" \/>   <\/div><\/div>[\/vc_column][vc_column width=\u00bb1\/3&#8243;]<div class=\"grve-element grve-image grve-align-center\" style=\"\">  <div class=\"grve-image-wrapper\"><img loading=\"lazy\" decoding=\"async\" width=\"560\" height=\"560\" src=\"https:\/\/glnplast.pt\/wp-content\/uploads\/Tomografia-galery-04-560x560.jpg\" class=\"attachment-movedo-grve-small-square size-movedo-grve-small-square\" alt=\"\" srcset=\"https:\/\/glnplast.pt\/wp-content\/uploads\/Tomografia-galery-04-560x560.jpg 560w, https:\/\/glnplast.pt\/wp-content\/uploads\/Tomografia-galery-04-150x150.jpg 150w, https:\/\/glnplast.pt\/wp-content\/uploads\/Tomografia-galery-04-80x80.jpg 80w\" sizes=\"auto, (max-width: 560px) 100vw, 560px\" \/>   <\/div><\/div>[\/vc_column][\/vc_row][vc_row heading_color=\u00bbdark\u00bb bg_type=\u00bbcolor\u00bb padding_top_multiplier=\u00bb\u00bb padding_bottom_multiplier=\u00bb\u00bb bg_color=\u00bb#ffd500&#8243;][vc_column css=\u00bb.vc_custom_1562238063552{padding-right: 2% !important;padding-left: 2% !important;}\u00bb]<div class=\"grve-empty-space\" style=\"height: 10vh;\"><\/div><h3 class=\"grve-element grve-title grve-align-center grve-animated-item grve-duration-normal grve-fade-in-up grve-h3 grve-increase-heading grve-heading-140\" style=\"\" data-delay=\"200\"><span><br>\n<p style=\"text-align: center;\"><strong>Un servicio diferenciador!<\/strong><br>\n<\/span><\/h3><div class=\"grve-empty-space grve-height-1x\" style=\"\"><\/div><div class=\"grve-element grve-align-center grve-animated-item grve-fade-in-left grve-duration-normal\" data-delay=\"200\"><a href=\"mailto:tomography@gln.pt\" class=\"grve-btn grve-btn-extralarge grve-square grve-bg-black grve-bg-hover-primary-2\"><span>Solicite Presupuesto<\/span><\/a><\/div><div class=\"grve-empty-space\" style=\"height: 10vh;\"><\/div>[\/vc_column][\/vc_row][vc_row padding_top_multiplier=\u00bb4x\u00bb padding_bottom_multiplier=\u00bb4x\u00bb][vc_column]<h2 class=\"grve-element grve-title grve-align-center grve-h2 h2-strong\" style=\"\"><span>Tecnolog\u00eda computarizada CT-SCAN<\/span><\/h2><div class=\"grve-element grve-title grve-align-center grve-subtitle-text h2-strong grve-increase-heading grve-heading-160\" style=\"\"><span>Esc\u00e1ner para partes pl\u00e1sticas t\u00e9cnicas<\/span><\/div><div class=\"grve-empty-space grve-height-4x\" style=\"\"><\/div>[vc_row_inner][vc_column_inner width=\u00bb1\/4&#8243; css=\u00bb.vc_custom_1562238427924{border-top-width: 1px !important;border-top-color: #000000 !important;border-top-style: solid !important;}\u00bb]<div class=\"grve-empty-space\" style=\"height: 15px;\"><\/div>[vc_column_text text_style=\u00bbleader-text\u00bb animation=\u00bbgrve-fade-in-up\u00bb]<strong>Tubo<\/strong><br \/>\n130kV\/39W[\/vc_column_text]<div class=\"grve-empty-space\" style=\"height: 15px;\"><\/div>[\/vc_column_inner][vc_column_inner width=\u00bb1\/4&#8243; css=\u00bb.vc_custom_1562238438052{border-top-width: 1px !important;border-top-color: #000000 !important;border-top-style: solid !important;}\u00bb]<div class=\"grve-empty-space\" style=\"height: 15px;\"><\/div>[vc_column_text text_style=\u00bbleader-text\u00bb animation=\u00bbgrve-fade-in-up\u00bb]<strong>Detector<\/strong><br \/>\n1900 x 1512 pixels[\/vc_column_text]<div class=\"grve-empty-space\" style=\"height: 15px;\"><\/div>[\/vc_column_inner][vc_column_inner width=\u00bb1\/4&#8243; css=\u00bb.vc_custom_1562238450068{border-top-width: 1px !important;border-top-color: #000000 !important;border-top-style: solid !important;}\u00bb]<div class=\"grve-empty-space\" style=\"height: 15px;\"><\/div>[vc_column_text text_style=\u00bbleader-text\u00bb animation=\u00bbgrve-fade-in-up\u00bb]<strong>Volumen de Medici\u00f3n<\/strong><br \/>\n\u00d8110 x 150 mm[\/vc_column_text]<div class=\"grve-empty-space\" style=\"height: 15px;\"><\/div>[\/vc_column_inner][vc_column_inner width=\u00bb1\/4&#8243; css=\u00bb.vc_custom_1562238461005{border-top-width: 1px !important;border-top-color: #000000 !important;border-top-style: solid !important;}\u00bb]<div class=\"grve-empty-space\" style=\"height: 15px;\"><\/div>[vc_column_text text_style=\u00bbleader-text\u00bb animation=\u00bbgrve-fade-in-up\u00bb]<strong>Volumen de Medici\u00f3n Combinada<\/strong><br \/>\n\u00d8110 x 220 mm[\/vc_column_text]<div class=\"grve-empty-space\" style=\"height: 15px;\"><\/div>[\/vc_column_inner][\/vc_row_inner][\/vc_column][\/vc_row][vc_row bg_type=\u00bbcolor\u00bb padding_top_multiplier=\u00bb4x\u00bb padding_bottom_multiplier=\u00bb4x\u00bb bg_color=\u00bb#f4f4f4&#8243;][vc_column]<h2 class=\"grve-element grve-title grve-align-center grve-h2 h2-strong\" style=\"\"><span>Cont\u00e1ctenos<\/span><\/h2><div class=\"grve-empty-space grve-height-1x\" style=\"\"><\/div>[vc_column_text text_style=\u00bbleader-text\u00bb animation=\u00bbgrve-fade-in-up\u00bb]<\/p>\n<p style=\"text-align: center;\"><strong>Metrology &amp; Tomography &#8211; GLN<\/strong><br \/>\nMoinhos de cima, Albergaria, 2430-076 Marinha Grande &#8211; Portugal<br \/>\nT. +351 244 575 396 | F. +351 244 560 690 | <a href=\"mailto:tomography@gln.pt\">tomography@gln.pt<\/a><\/p>\n<p>[\/vc_column_text][\/vc_column][\/vc_row]<\/p>","protected":false},"excerpt":{"rendered":"<p>[vc_row padding_top_multiplier=\u00bb4x\u00bb padding_bottom_multiplier=\u00bb\u00bb margin_bottom=\u00bb100px\u00bb][vc_column][vc_row_inner][vc_column_inner width=\u00bb1\/2&#8243;][vc_column_text text_style=\u00bbleader-text\u00bb animation=\u00bbgrve-fade-in-up\u00bb]GLN cuenta con un sistema de medici\u00f3n de tomograf\u00eda industrial ZEISS, Metrotom 800, en su nueva instalaci\u00f3n de metrolog\u00eda. Metrotom 800 es ideal para medir la geometr\u00eda interna y externa de piezas de pl\u00e1stico, cer\u00e1mica o material compuesto. La tecnolog\u00eda de tomograf\u00eda computarizada con tubo de Rayos X de [&hellip;]<\/p>\n","protected":false},"author":1,"featured_media":0,"parent":0,"menu_order":0,"comment_status":"closed","ping_status":"closed","template":"","meta":{"footnotes":""},"class_list":["post-17608","page","type-page","status-publish","hentry"],"yoast_head":"<!-- This site is optimized with the Yoast SEO plugin v18.5.1 - https:\/\/yoast.com\/wordpress\/plugins\/seo\/ -->\n<title>Services - GLN Plast<\/title>\n<meta name=\"robots\" content=\"index, follow, max-snippet:-1, max-image-preview:large, max-video-preview:-1\" \/>\n<link rel=\"canonical\" href=\"https:\/\/glnplast.pt\/es\/servicos\/\" \/>\n<meta property=\"og:locale\" content=\"es_ES\" \/>\n<meta property=\"og:type\" content=\"article\" \/>\n<meta property=\"og:title\" content=\"Services - GLN Plast\" \/>\n<meta property=\"og:description\" content=\"[vc_row padding_top_multiplier=\u00bb4x\u00bb padding_bottom_multiplier=\u00bb\u00bb margin_bottom=\u00bb100px\u00bb][vc_column][vc_row_inner][vc_column_inner width=\u00bb1\/2&#8243;][vc_column_text text_style=\u00bbleader-text\u00bb animation=\u00bbgrve-fade-in-up\u00bb]GLN cuenta con un sistema de medici\u00f3n de tomograf\u00eda industrial ZEISS, Metrotom 800, en su nueva instalaci\u00f3n de metrolog\u00eda. Metrotom 800 es ideal para medir la geometr\u00eda interna y externa de piezas de pl\u00e1stico, cer\u00e1mica o material compuesto. La tecnolog\u00eda de tomograf\u00eda computarizada con tubo de Rayos X de [&hellip;]\" \/>\n<meta property=\"og:url\" content=\"https:\/\/glnplast.pt\/es\/servicos\/\" \/>\n<meta property=\"og:site_name\" content=\"GLN Plast\" \/>\n<meta property=\"article:modified_time\" content=\"2019-10-25T10:38:19+00:00\" \/>\n<meta name=\"twitter:card\" content=\"summary_large_image\" \/>\n<meta name=\"twitter:label1\" content=\"Tiempo de lectura\" \/>\n\t<meta name=\"twitter:data1\" content=\"20 minutos\" \/>\n<script type=\"application\/ld+json\" class=\"yoast-schema-graph\">{\"@context\":\"https:\/\/schema.org\",\"@graph\":[{\"@type\":\"WebSite\",\"@id\":\"https:\/\/glnplast.pt\/#website\",\"url\":\"https:\/\/glnplast.pt\/\",\"name\":\"GLN Plast\",\"description\":\"Molding the Future\",\"potentialAction\":[{\"@type\":\"SearchAction\",\"target\":{\"@type\":\"EntryPoint\",\"urlTemplate\":\"https:\/\/glnplast.pt\/?s={search_term_string}\"},\"query-input\":\"required name=search_term_string\"}],\"inLanguage\":\"es\"},{\"@type\":\"WebPage\",\"@id\":\"https:\/\/glnplast.pt\/es\/servicos\/#webpage\",\"url\":\"https:\/\/glnplast.pt\/es\/servicos\/\",\"name\":\"Services - GLN Plast\",\"isPartOf\":{\"@id\":\"https:\/\/glnplast.pt\/#website\"},\"datePublished\":\"2019-07-04T10:05:13+00:00\",\"dateModified\":\"2019-10-25T10:38:19+00:00\",\"breadcrumb\":{\"@id\":\"https:\/\/glnplast.pt\/es\/servicos\/#breadcrumb\"},\"inLanguage\":\"es\",\"potentialAction\":[{\"@type\":\"ReadAction\",\"target\":[\"https:\/\/glnplast.pt\/es\/servicos\/\"]}]},{\"@type\":\"BreadcrumbList\",\"@id\":\"https:\/\/glnplast.pt\/es\/servicos\/#breadcrumb\",\"itemListElement\":[{\"@type\":\"ListItem\",\"position\":1,\"name\":\"In\u00edcio\",\"item\":\"https:\/\/glnplast.pt\/\"},{\"@type\":\"ListItem\",\"position\":2,\"name\":\"Services\"}]}]}<\/script>\n<!-- \/ Yoast SEO plugin. -->","yoast_head_json":{"title":"Services - GLN Plast","robots":{"index":"index","follow":"follow","max-snippet":"max-snippet:-1","max-image-preview":"max-image-preview:large","max-video-preview":"max-video-preview:-1"},"canonical":"https:\/\/glnplast.pt\/es\/servicos\/","og_locale":"es_ES","og_type":"article","og_title":"Services - GLN Plast","og_description":"[vc_row padding_top_multiplier=\u00bb4x\u00bb padding_bottom_multiplier=\u00bb\u00bb margin_bottom=\u00bb100px\u00bb][vc_column][vc_row_inner][vc_column_inner width=\u00bb1\/2&#8243;][vc_column_text text_style=\u00bbleader-text\u00bb animation=\u00bbgrve-fade-in-up\u00bb]GLN cuenta con un sistema de medici\u00f3n de tomograf\u00eda industrial ZEISS, Metrotom 800, en su nueva instalaci\u00f3n de metrolog\u00eda. Metrotom 800 es ideal para medir la geometr\u00eda interna y externa de piezas de pl\u00e1stico, cer\u00e1mica o material compuesto. La tecnolog\u00eda de tomograf\u00eda computarizada con tubo de Rayos X de [&hellip;]","og_url":"https:\/\/glnplast.pt\/es\/servicos\/","og_site_name":"GLN Plast","article_modified_time":"2019-10-25T10:38:19+00:00","twitter_card":"summary_large_image","twitter_misc":{"Tiempo de lectura":"20 minutos"},"schema":{"@context":"https:\/\/schema.org","@graph":[{"@type":"WebSite","@id":"https:\/\/glnplast.pt\/#website","url":"https:\/\/glnplast.pt\/","name":"GLN Plast","description":"Molding the Future","potentialAction":[{"@type":"SearchAction","target":{"@type":"EntryPoint","urlTemplate":"https:\/\/glnplast.pt\/?s={search_term_string}"},"query-input":"required name=search_term_string"}],"inLanguage":"es"},{"@type":"WebPage","@id":"https:\/\/glnplast.pt\/es\/servicos\/#webpage","url":"https:\/\/glnplast.pt\/es\/servicos\/","name":"Services - GLN Plast","isPartOf":{"@id":"https:\/\/glnplast.pt\/#website"},"datePublished":"2019-07-04T10:05:13+00:00","dateModified":"2019-10-25T10:38:19+00:00","breadcrumb":{"@id":"https:\/\/glnplast.pt\/es\/servicos\/#breadcrumb"},"inLanguage":"es","potentialAction":[{"@type":"ReadAction","target":["https:\/\/glnplast.pt\/es\/servicos\/"]}]},{"@type":"BreadcrumbList","@id":"https:\/\/glnplast.pt\/es\/servicos\/#breadcrumb","itemListElement":[{"@type":"ListItem","position":1,"name":"In\u00edcio","item":"https:\/\/glnplast.pt\/"},{"@type":"ListItem","position":2,"name":"Services"}]}]}},"_links":{"self":[{"href":"https:\/\/glnplast.pt\/es\/wp-json\/wp\/v2\/pages\/17608","targetHints":{"allow":["GET"]}}],"collection":[{"href":"https:\/\/glnplast.pt\/es\/wp-json\/wp\/v2\/pages"}],"about":[{"href":"https:\/\/glnplast.pt\/es\/wp-json\/wp\/v2\/types\/page"}],"author":[{"embeddable":true,"href":"https:\/\/glnplast.pt\/es\/wp-json\/wp\/v2\/users\/1"}],"replies":[{"embeddable":true,"href":"https:\/\/glnplast.pt\/es\/wp-json\/wp\/v2\/comments?post=17608"}],"version-history":[{"count":38,"href":"https:\/\/glnplast.pt\/es\/wp-json\/wp\/v2\/pages\/17608\/revisions"}],"predecessor-version":[{"id":17883,"href":"https:\/\/glnplast.pt\/es\/wp-json\/wp\/v2\/pages\/17608\/revisions\/17883"}],"wp:attachment":[{"href":"https:\/\/glnplast.pt\/es\/wp-json\/wp\/v2\/media?parent=17608"}],"curies":[{"name":"wp","href":"https:\/\/api.w.org\/{rel}","templated":true}]}}