{"id":14724,"date":"2016-10-10T06:05:08","date_gmt":"2016-10-10T06:05:08","guid":{"rendered":"http:\/\/dev-gln.younik.pt\/about-me-ii\/"},"modified":"2024-11-19T14:55:45","modified_gmt":"2024-11-19T14:55:45","slug":"about-gln-plast","status":"publish","type":"page","link":"https:\/\/glnplast.pt\/fr\/about-gln-plast\/","title":{"rendered":"Au sujet"},"content":{"rendered":"<p>[vc_row padding_top_multiplier=\u00a0\u00bb4x\u00a0\u00bb padding_bottom_multiplier=\u00a0\u00bb4x\u00a0\u00bb][vc_column]<h2 class=\"grve-element grve-title grve-align-center grve-h2 h2-strong\" style=\"\"><span>GLN Plast<\/span><\/h2>[vc_column_text text_style=\u00a0\u00bbleader-text\u00a0\u00bb]<\/p>\n<p style=\"text-align: center;\">Nous sommes une \u00e9quipe de professionnels sp\u00e9cialis\u00e9s dans le domaine de l\u2019injection plastique.<\/p>\n<p style=\"text-align: center;\">Nous garantissons l\u2019ex\u00e9cution de projets d\u2019injection thermoplastique, couvrant les industries les plus exigeantes telles que l\u2019automobile, l\u2019\u00e9lectricit\u00e9, l\u2019\u00e9lectronique et l\u2019emballage alimentaire.<\/p>\n<p style=\"text-align: center;\">Nous investissons continuellement dans des unit\u00e9s de production plus efficientes et \u00e0 la pointe de la technologie, alli\u00e9es \u00e0 l\u2019exp\u00e9rience et au savoir-faire acquis au cours de presque 20 ans de pr\u00e9sence sur le march\u00e9. De cette fa\u00e7on, nous parvenons \u00e0 r\u00e9pondre efficacement aux exigences de chaque projet, ce qui nous permet d\u2019atteindre une large vari\u00e9t\u00e9 de production.<\/p>\n<p style=\"text-align: center;\">Nos installations ont \u00e9t\u00e9 con\u00e7ues et construites pour accueillir efficacement un environnement de production de s\u00e9rie certifi\u00e9 par les normes de qualit\u00e9 les plus exigeantes de nos clients.<\/p>\n<p style=\"text-align: center;\">C\u2019est dans cet environnement de production industrielle que travaillent les meilleurs professionnels, offrant un ensemble de services \u00e0 haute valeur ajout\u00e9e qui contribuent \u00e0 accro\u00eetre notre cha\u00eene de valeur et notre comp\u00e9titivit\u00e9.<\/p>\n<p>[\/vc_column_text][\/vc_column][\/vc_row][vc_row bg_type=\u00a0\u00bbcolor\u00a0\u00bb padding_top_multiplier=\u00a0\u00bb4x\u00a0\u00bb padding_bottom_multiplier=\u00a0\u00bb4x\u00a0\u00bb bg_color=\u00a0\u00bb#f3f3f3&Prime;][vc_column]<h2 class=\"grve-element grve-title grve-align-center grve-h2\" style=\"\"><span>Certificats<\/span><\/h2><div class=\"grve-empty-space\" style=\"height: 10px;\"><\/div>[\/vc_column][vc_column][vc_row_inner][vc_column_inner width=\u00a0\u00bb1\/4&Prime; el_class=\u00a0\u00bbcol-certificado\u00a0\u00bb]<div class=\"grve-element grve-image grve-align-center\" style=\"\">  <div class=\"grve-image-wrapper\"><img loading=\"lazy\" decoding=\"async\" width=\"1429\" height=\"725\" src=\"https:\/\/glnplast.pt\/wp-content\/uploads\/TR-Testmark_9000032997_EN_CMYK_without-QR-Code.jpg\" class=\"attachment-full size-full\" alt=\"\" srcset=\"https:\/\/glnplast.pt\/wp-content\/uploads\/TR-Testmark_9000032997_EN_CMYK_without-QR-Code.jpg 1429w, https:\/\/glnplast.pt\/wp-content\/uploads\/TR-Testmark_9000032997_EN_CMYK_without-QR-Code-300x152.jpg 300w, https:\/\/glnplast.pt\/wp-content\/uploads\/TR-Testmark_9000032997_EN_CMYK_without-QR-Code-1024x520.jpg 1024w, https:\/\/glnplast.pt\/wp-content\/uploads\/TR-Testmark_9000032997_EN_CMYK_without-QR-Code-768x390.jpg 768w\" sizes=\"auto, (max-width: 1429px) 100vw, 1429px\" \/>   <\/div><\/div><div class=\"grve-empty-space grve-height-1x\" style=\"\"><\/div><h4 class=\"grve-element grve-title grve-align-left grve-h4 h4-strong-600\" style=\"margin-bottom: 10px;\"><span>ISO 9001:2015<br>\nISO 14001:2015<\/span><\/h4>[vc_column_text css=\u00a0\u00bb.vc_custom_1531839858928{margin-top: 0px !important;}\u00a0\u00bb]<\/p>\n<h6>Porc\u00e9s de certification<\/h6>\n<p>[\/vc_column_text][vc_column_text text_style=\u00a0\u00bbleader-text\u00a0\u00bb]Fabricaction de pi\u00e8ces plastique par injection, Marquage \u00e0 chaud et montage.[\/vc_column_text]<div class=\"grve-empty-space grve-height-1x\" style=\"\"><\/div>[vc_column_text css=\u00a0\u00bb.vc_custom_1562162956852{margin-top: 0px !important;}\u00a0\u00bb]<\/p>\n<h6><span style=\"color: #ababab;\">Site Maceira<\/span><\/h6>\n<p>[\/vc_column_text][\/vc_column_inner][vc_column_inner width=\u00a0\u00bb1\/4&Prime; el_class=\u00a0\u00bbcol-certificado\u00a0\u00bb]<div class=\"grve-element grve-image grve-align-center\" style=\"\">  <div class=\"grve-image-wrapper\"><img loading=\"lazy\" decoding=\"async\" width=\"1434\" height=\"725\" src=\"https:\/\/glnplast.pt\/wp-content\/uploads\/TR-Testmark_9000032997_EN_CMYK_without-QR-Code.png\" class=\"attachment-full size-full\" alt=\"\" srcset=\"https:\/\/glnplast.pt\/wp-content\/uploads\/TR-Testmark_9000032997_EN_CMYK_without-QR-Code.png 1434w, https:\/\/glnplast.pt\/wp-content\/uploads\/TR-Testmark_9000032997_EN_CMYK_without-QR-Code-300x152.png 300w, https:\/\/glnplast.pt\/wp-content\/uploads\/TR-Testmark_9000032997_EN_CMYK_without-QR-Code-1024x518.png 1024w, https:\/\/glnplast.pt\/wp-content\/uploads\/TR-Testmark_9000032997_EN_CMYK_without-QR-Code-768x388.png 768w\" sizes=\"auto, (max-width: 1434px) 100vw, 1434px\" \/>   <\/div><\/div><div class=\"grve-empty-space grve-height-1x\" style=\"\"><\/div><h4 class=\"grve-element grve-title grve-align-left grve-h4 h4-strong-600\" style=\"margin-bottom: 10px;\"><span>IATF 16949:2015<br \/>\nISO 9001:2015<\/span><\/h4>[vc_column_text css=\u00a0\u00bb.vc_custom_1531839858928{margin-top: 0px !important;}\u00a0\u00bb]<\/p>\n<h6>Porc\u00e9s de certification<\/h6>\n<p>[\/vc_column_text][vc_column_text text_style=\u00a0\u00bbleader-text\u00a0\u00bb]Fabricaction de pi\u00e8ces plastique par injection, Marquage \u00e0 chaud et montage.[\/vc_column_text][\/vc_column_inner][\/vc_row_inner][\/vc_column][\/vc_row]<\/p>","protected":false},"excerpt":{"rendered":"<p>[vc_row padding_top_multiplier=\u00a0\u00bb4x\u00a0\u00bb padding_bottom_multiplier=\u00a0\u00bb4x\u00a0\u00bb][vc_column][vc_column_text text_style=\u00a0\u00bbleader-text\u00a0\u00bb] Nous sommes une \u00e9quipe de professionnels sp\u00e9cialis\u00e9s dans le domaine de l\u2019injection plastique. Nous garantissons l\u2019ex\u00e9cution de projets d\u2019injection thermoplastique, couvrant les industries les plus exigeantes telles que l\u2019automobile, l\u2019\u00e9lectricit\u00e9, l\u2019\u00e9lectronique et l\u2019emballage alimentaire. Nous investissons continuellement dans des unit\u00e9s de production plus efficientes et \u00e0 la pointe de la technologie, [&hellip;]<\/p>\n","protected":false},"author":1,"featured_media":0,"parent":0,"menu_order":0,"comment_status":"closed","ping_status":"closed","template":"","meta":{"footnotes":""},"class_list":["post-14724","page","type-page","status-publish","hentry"],"yoast_head":"<!-- This site is optimized with the Yoast SEO plugin v18.5.1 - https:\/\/yoast.com\/wordpress\/plugins\/seo\/ -->\n<title>Au sujet - GLN Plast<\/title>\n<meta name=\"robots\" content=\"index, follow, max-snippet:-1, max-image-preview:large, max-video-preview:-1\" \/>\n<link rel=\"canonical\" href=\"https:\/\/glnplast.pt\/about-gln-plast\/\" \/>\n<meta property=\"og:locale\" content=\"fr_FR\" \/>\n<meta property=\"og:type\" content=\"article\" \/>\n<meta property=\"og:title\" content=\"Au sujet - GLN Plast\" \/>\n<meta property=\"og:description\" content=\"[vc_row padding_top_multiplier=\u00a0\u00bb4x\u00a0\u00bb padding_bottom_multiplier=\u00a0\u00bb4x\u00a0\u00bb][vc_column][vc_column_text text_style=\u00a0\u00bbleader-text\u00a0\u00bb] Nous sommes une \u00e9quipe de professionnels sp\u00e9cialis\u00e9s dans le domaine de l\u2019injection plastique. Nous garantissons l\u2019ex\u00e9cution de projets d\u2019injection thermoplastique, couvrant les industries les plus exigeantes telles que l\u2019automobile, l\u2019\u00e9lectricit\u00e9, l\u2019\u00e9lectronique et l\u2019emballage alimentaire. Nous investissons continuellement dans des unit\u00e9s de production plus efficientes et \u00e0 la pointe de la technologie, [&hellip;]\" \/>\n<meta property=\"og:url\" content=\"https:\/\/glnplast.pt\/about-gln-plast\/\" \/>\n<meta property=\"og:site_name\" content=\"GLN Plast\" \/>\n<meta property=\"article:modified_time\" content=\"2024-11-19T14:55:45+00:00\" \/>\n<meta name=\"twitter:card\" content=\"summary_large_image\" \/>\n<meta name=\"twitter:label1\" content=\"Dur\u00e9e de lecture estim\u00e9e\" \/>\n\t<meta name=\"twitter:data1\" content=\"2 minutes\" \/>\n<script type=\"application\/ld+json\" class=\"yoast-schema-graph\">{\"@context\":\"https:\/\/schema.org\",\"@graph\":[{\"@type\":\"WebSite\",\"@id\":\"https:\/\/glnplast.pt\/#website\",\"url\":\"https:\/\/glnplast.pt\/\",\"name\":\"GLN Plast\",\"description\":\"Molding the Future\",\"potentialAction\":[{\"@type\":\"SearchAction\",\"target\":{\"@type\":\"EntryPoint\",\"urlTemplate\":\"https:\/\/glnplast.pt\/?s={search_term_string}\"},\"query-input\":\"required name=search_term_string\"}],\"inLanguage\":\"fr-FR\"},{\"@type\":\"WebPage\",\"@id\":\"https:\/\/glnplast.pt\/about-gln-plast\/#webpage\",\"url\":\"https:\/\/glnplast.pt\/about-gln-plast\/\",\"name\":\"Au sujet - GLN Plast\",\"isPartOf\":{\"@id\":\"https:\/\/glnplast.pt\/#website\"},\"datePublished\":\"2016-10-10T06:05:08+00:00\",\"dateModified\":\"2024-11-19T14:55:45+00:00\",\"breadcrumb\":{\"@id\":\"https:\/\/glnplast.pt\/about-gln-plast\/#breadcrumb\"},\"inLanguage\":\"fr-FR\",\"potentialAction\":[{\"@type\":\"ReadAction\",\"target\":[\"https:\/\/glnplast.pt\/about-gln-plast\/\"]}]},{\"@type\":\"BreadcrumbList\",\"@id\":\"https:\/\/glnplast.pt\/about-gln-plast\/#breadcrumb\",\"itemListElement\":[{\"@type\":\"ListItem\",\"position\":1,\"name\":\"In\u00edcio\",\"item\":\"https:\/\/glnplast.pt\/\"},{\"@type\":\"ListItem\",\"position\":2,\"name\":\"GLN Plast\"}]}]}<\/script>\n<!-- \/ Yoast SEO plugin. -->","yoast_head_json":{"title":"Au sujet - GLN Plast","robots":{"index":"index","follow":"follow","max-snippet":"max-snippet:-1","max-image-preview":"max-image-preview:large","max-video-preview":"max-video-preview:-1"},"canonical":"https:\/\/glnplast.pt\/about-gln-plast\/","og_locale":"fr_FR","og_type":"article","og_title":"Au sujet - GLN Plast","og_description":"[vc_row padding_top_multiplier=\u00a0\u00bb4x\u00a0\u00bb padding_bottom_multiplier=\u00a0\u00bb4x\u00a0\u00bb][vc_column][vc_column_text text_style=\u00a0\u00bbleader-text\u00a0\u00bb] Nous sommes une \u00e9quipe de professionnels sp\u00e9cialis\u00e9s dans le domaine de l\u2019injection plastique. Nous garantissons l\u2019ex\u00e9cution de projets d\u2019injection thermoplastique, couvrant les industries les plus exigeantes telles que l\u2019automobile, l\u2019\u00e9lectricit\u00e9, l\u2019\u00e9lectronique et l\u2019emballage alimentaire. Nous investissons continuellement dans des unit\u00e9s de production plus efficientes et \u00e0 la pointe de la technologie, [&hellip;]","og_url":"https:\/\/glnplast.pt\/about-gln-plast\/","og_site_name":"GLN Plast","article_modified_time":"2024-11-19T14:55:45+00:00","twitter_card":"summary_large_image","twitter_misc":{"Dur\u00e9e de lecture estim\u00e9e":"2 minutes"},"schema":{"@context":"https:\/\/schema.org","@graph":[{"@type":"WebSite","@id":"https:\/\/glnplast.pt\/#website","url":"https:\/\/glnplast.pt\/","name":"GLN Plast","description":"Molding the Future","potentialAction":[{"@type":"SearchAction","target":{"@type":"EntryPoint","urlTemplate":"https:\/\/glnplast.pt\/?s={search_term_string}"},"query-input":"required name=search_term_string"}],"inLanguage":"fr-FR"},{"@type":"WebPage","@id":"https:\/\/glnplast.pt\/about-gln-plast\/#webpage","url":"https:\/\/glnplast.pt\/about-gln-plast\/","name":"Au sujet - GLN Plast","isPartOf":{"@id":"https:\/\/glnplast.pt\/#website"},"datePublished":"2016-10-10T06:05:08+00:00","dateModified":"2024-11-19T14:55:45+00:00","breadcrumb":{"@id":"https:\/\/glnplast.pt\/about-gln-plast\/#breadcrumb"},"inLanguage":"fr-FR","potentialAction":[{"@type":"ReadAction","target":["https:\/\/glnplast.pt\/about-gln-plast\/"]}]},{"@type":"BreadcrumbList","@id":"https:\/\/glnplast.pt\/about-gln-plast\/#breadcrumb","itemListElement":[{"@type":"ListItem","position":1,"name":"In\u00edcio","item":"https:\/\/glnplast.pt\/"},{"@type":"ListItem","position":2,"name":"GLN Plast"}]}]}},"_links":{"self":[{"href":"https:\/\/glnplast.pt\/fr\/wp-json\/wp\/v2\/pages\/14724","targetHints":{"allow":["GET"]}}],"collection":[{"href":"https:\/\/glnplast.pt\/fr\/wp-json\/wp\/v2\/pages"}],"about":[{"href":"https:\/\/glnplast.pt\/fr\/wp-json\/wp\/v2\/types\/page"}],"author":[{"embeddable":true,"href":"https:\/\/glnplast.pt\/fr\/wp-json\/wp\/v2\/users\/1"}],"replies":[{"embeddable":true,"href":"https:\/\/glnplast.pt\/fr\/wp-json\/wp\/v2\/comments?post=14724"}],"version-history":[{"count":165,"href":"https:\/\/glnplast.pt\/fr\/wp-json\/wp\/v2\/pages\/14724\/revisions"}],"predecessor-version":[{"id":18125,"href":"https:\/\/glnplast.pt\/fr\/wp-json\/wp\/v2\/pages\/14724\/revisions\/18125"}],"wp:attachment":[{"href":"https:\/\/glnplast.pt\/fr\/wp-json\/wp\/v2\/media?parent=14724"}],"curies":[{"name":"wp","href":"https:\/\/api.w.org\/{rel}","templated":true}]}}